{"id":1329,"date":"2023-11-28T13:48:13","date_gmt":"2023-11-28T18:48:13","guid":{"rendered":"https:\/\/dev24.devconceptionwm.com\/nuestros-servicios\/"},"modified":"2024-01-29T11:19:09","modified_gmt":"2024-01-29T16:19:09","slug":"nuestros-servicios","status":"publish","type":"page","link":"https:\/\/cai-quebec.org\/es\/nuestros-servicios\/","title":{"rendered":"Nuestros servicios"},"content":{"rendered":"\t\t<div data-elementor-type=\"wp-page\" data-elementor-id=\"1329\" class=\"elementor elementor-1329 elementor-551\" data-elementor-post-type=\"page\">\n\t\t\t\t<div class=\"elementor-element elementor-element-8dad2a3 e-flex e-con-boxed e-con e-parent\" data-id=\"8dad2a3\" data-element_type=\"container\" data-e-type=\"container\">\n\t\t\t\t\t<div class=\"e-con-inner\">\n\t\t<div class=\"elementor-element elementor-element-a11f23f e-con-full e-flex e-con e-child\" data-id=\"a11f23f\" data-element_type=\"container\" data-e-type=\"container\">\n\t\t\t\t<div class=\"elementor-element elementor-element-9d82d6f elementor-widget elementor-widget-text-editor\" data-id=\"9d82d6f\" data-element_type=\"widget\" data-e-type=\"widget\" data-widget_type=\"text-editor.default\">\n\t\t\t\t<div class=\"elementor-widget-container\">\n\t\t\t\t\t\t\t\t\t<p>Con sus tres \u00e1reas de servicio, el CAI pretende completar la gama de recursos disponibles para los reci\u00e9n llegados a la ciudad de Quebec.<\/p>\n<p>De hecho, trabajamos en toda la Ciudad y nuestros horarios at\u00edpicos nos permiten llegar a una multitud de personas. <\/p>\n<p>Esta flexibilidad se manifiesta tambi\u00e9n en la apertura y la gran adaptabilidad de las personas que trabajan con nosotros. Basado en el principio de la aceptaci\u00f3n incondicional, nuestra organizaci\u00f3n acoge a inmigrantes bajo cualquier categor\u00eda migratoria (residentes permanentes, solicitantes de asilo, personas con categor\u00eda mantenida durante la tramitaci\u00f3n -antes llamado estatus impl\u00edcito-, personas sin estatus, etc.). <\/p>\n<p>Nuestras actividades y servicios se dividen en tres subsecciones:<\/p>\n\t\t\t\t\t\t\t\t<\/div>\n\t\t\t\t<\/div>\n\t\t\t\t<div class=\"elementor-element elementor-element-6e1cd5a elementor-widget__width-initial elementor-widget elementor-widget-image\" data-id=\"6e1cd5a\" data-element_type=\"widget\" data-e-type=\"widget\" data-widget_type=\"image.default\">\n\t\t\t\t<div class=\"elementor-widget-container\">\n\t\t\t\t\t\t\t\t\t\t\t\t\t\t\t<img fetchpriority=\"high\" decoding=\"async\" width=\"752\" height=\"572\" src=\"https:\/\/cai-quebec.org\/wp-content\/uploads\/2024\/01\/servicios1-1.png\" class=\"attachment-large size-large wp-image-1091\" alt=\"Graphiques circulaire sur les offre de services\" srcset=\"https:\/\/cai-quebec.org\/wp-content\/uploads\/2024\/01\/servicios1-1.png 752w, https:\/\/cai-quebec.org\/wp-content\/uploads\/2024\/01\/servicios1-1-300x228.png 300w\" sizes=\"(max-width: 752px) 100vw, 752px\" \/>\t\t\t\t\t\t\t\t\t\t\t\t\t\t\t<\/div>\n\t\t\t\t<\/div>\n\t\t\t\t<\/div>\n\t\t<div class=\"elementor-element elementor-element-c728375 e-con-full e-flex e-con e-child\" data-id=\"c728375\" data-element_type=\"container\" data-e-type=\"container\">\n\t\t\t\t<div class=\"elementor-element elementor-element-1e72577 elementor-widget elementor-widget-image\" data-id=\"1e72577\" data-element_type=\"widget\" data-e-type=\"widget\" data-widget_type=\"image.default\">\n\t\t\t\t<div class=\"elementor-widget-container\">\n\t\t\t\t\t\t\t\t\t\t\t\t\t\t\t<img decoding=\"async\" width=\"800\" height=\"534\" src=\"https:\/\/cai-quebec.org\/wp-content\/uploads\/2023\/12\/Equipe-CAI-2-1024x683.jpg\" class=\"attachment-large size-large wp-image-1259\" alt=\"Photo de groupe inclusion au travail\" srcset=\"https:\/\/cai-quebec.org\/wp-content\/uploads\/2023\/12\/Equipe-CAI-2-1024x683.jpg 1024w, https:\/\/cai-quebec.org\/wp-content\/uploads\/2023\/12\/Equipe-CAI-2-300x200.jpg 300w, https:\/\/cai-quebec.org\/wp-content\/uploads\/2023\/12\/Equipe-CAI-2-768x512.jpg 768w, https:\/\/cai-quebec.org\/wp-content\/uploads\/2023\/12\/Equipe-CAI-2-1536x1024.jpg 1536w, https:\/\/cai-quebec.org\/wp-content\/uploads\/2023\/12\/Equipe-CAI-2-2048x1365.jpg 2048w\" sizes=\"(max-width: 800px) 100vw, 800px\" \/>\t\t\t\t\t\t\t\t\t\t\t\t\t\t\t<\/div>\n\t\t\t\t<\/div>\n\t\t\t\t<div class=\"elementor-element elementor-element-34a5ee2 elementor-icon-list--layout-traditional elementor-list-item-link-full_width elementor-widget elementor-widget-icon-list\" data-id=\"34a5ee2\" data-element_type=\"widget\" data-e-type=\"widget\" data-widget_type=\"icon-list.default\">\n\t\t\t\t<div class=\"elementor-widget-container\">\n\t\t\t\t\t\t\t<ul class=\"elementor-icon-list-items\">\n\t\t\t\t\t\t\t<li class=\"elementor-icon-list-item\">\n\t\t\t\t\t\t\t\t\t\t\t<a href=\"https:\/\/cai-quebec.org\/es\/acompanamiento-personalizado\/\">\n\n\t\t\t\t\t\t\t\t\t\t\t\t<span class=\"elementor-icon-list-icon\">\n\t\t\t\t\t\t\t<i aria-hidden=\"true\" class=\"fas fa-chevron-circle-right\"><\/i>\t\t\t\t\t\t<\/span>\n\t\t\t\t\t\t\t\t\t\t<span class=\"elementor-icon-list-text\">Acompa\u00f1amiento personalizado<\/span>\n\t\t\t\t\t\t\t\t\t\t\t<\/a>\n\t\t\t\t\t\t\t\t\t<\/li>\n\t\t\t\t\t\t\t\t<li class=\"elementor-icon-list-item\">\n\t\t\t\t\t\t\t\t\t\t\t<a href=\"https:\/\/cai-quebec.org\/es\/actividades-socioculturales\/\">\n\n\t\t\t\t\t\t\t\t\t\t\t\t<span class=\"elementor-icon-list-icon\">\n\t\t\t\t\t\t\t<i aria-hidden=\"true\" class=\"fas fa-chevron-circle-right\"><\/i>\t\t\t\t\t\t<\/span>\n\t\t\t\t\t\t\t\t\t\t<span class=\"elementor-icon-list-text\">Actividades socioculturales<\/span>\n\t\t\t\t\t\t\t\t\t\t\t<\/a>\n\t\t\t\t\t\t\t\t\t<\/li>\n\t\t\t\t\t\t\t\t<li class=\"elementor-icon-list-item\">\n\t\t\t\t\t\t\t\t\t\t\t<a href=\"https:\/\/cai-quebec.org\/es\/proyectos-de-sensibilizacion\/\">\n\n\t\t\t\t\t\t\t\t\t\t\t\t<span class=\"elementor-icon-list-icon\">\n\t\t\t\t\t\t\t<i aria-hidden=\"true\" class=\"fas fa-chevron-circle-right\"><\/i>\t\t\t\t\t\t<\/span>\n\t\t\t\t\t\t\t\t\t\t<span class=\"elementor-icon-list-text\">Proyectos de sensibilizaci\u00f3n<\/span>\n\t\t\t\t\t\t\t\t\t\t\t<\/a>\n\t\t\t\t\t\t\t\t\t<\/li>\n\t\t\t\t\t\t<\/ul>\n\t\t\t\t\t\t<\/div>\n\t\t\t\t<\/div>\n\t\t\t\t<\/div>\n\t\t\t\t\t<\/div>\n\t\t\t\t<\/div>\n\t\t\t\t<\/div>\n\t\t","protected":false},"excerpt":{"rendered":"<p>Con sus tres \u00e1reas de servicio, el CAI pretende completar la gama de recursos disponibles para los reci\u00e9n llegados a la ciudad de Quebec. De hecho, trabajamos en toda la Ciudad y nuestros horarios at\u00edpicos nos permiten llegar a una multitud de personas. Esta flexibilidad se manifiesta tambi\u00e9n en la apertura y la gran adaptabilidad [&hellip;]<\/p>\n","protected":false},"author":2,"featured_media":0,"parent":0,"menu_order":0,"comment_status":"closed","ping_status":"closed","template":"","meta":{"_acf_changed":false,"footnotes":""},"class_list":["post-1329","page","type-page","status-publish","hentry"],"acf":[],"yoast_head":"<!-- This site is optimized with the Yoast SEO plugin v27.3 - https:\/\/yoast.com\/product\/yoast-seo-wordpress\/ -->\n<title>Nuestros servicios - Carrefour d&#039;action interculturelle<\/title>\n<meta name=\"robots\" content=\"index, follow, max-snippet:-1, max-image-preview:large, max-video-preview:-1\" \/>\n<link rel=\"canonical\" href=\"https:\/\/cai-quebec.org\/nos-services\/\" \/>\n<meta property=\"og:locale\" content=\"es_ES\" \/>\n<meta property=\"og:type\" content=\"article\" \/>\n<meta property=\"og:title\" content=\"Nuestros servicios - Carrefour d&#039;action interculturelle\" \/>\n<meta property=\"og:description\" content=\"Con sus tres \u00e1reas de servicio, el CAI pretende completar la gama de recursos disponibles para los reci\u00e9n llegados a la ciudad de Quebec. De hecho, trabajamos en toda la Ciudad y nuestros horarios at\u00edpicos nos permiten llegar a una multitud de personas. Esta flexibilidad se manifiesta tambi\u00e9n en la apertura y la gran adaptabilidad [&hellip;]\" \/>\n<meta property=\"og:url\" content=\"https:\/\/cai-quebec.org\/nos-services\/\" \/>\n<meta property=\"og:site_name\" content=\"Carrefour d&#039;action interculturelle\" \/>\n<meta property=\"article:modified_time\" content=\"2024-01-29T16:19:09+00:00\" \/>\n<meta property=\"og:image\" content=\"https:\/\/dev24.devconceptionwm.com\/wp-content\/uploads\/2023\/11\/CAI-offredeservices-simplifiC3A9e-scaled-e1588972819952-474x324-1.jpg\" \/>\n<meta name=\"twitter:card\" content=\"summary_large_image\" \/>\n<meta name=\"twitter:label1\" content=\"Tiempo de lectura\" \/>\n\t<meta name=\"twitter:data1\" content=\"1 minuto\" \/>\n<script type=\"application\/ld+json\" class=\"yoast-schema-graph\">{\"@context\":\"https:\\\/\\\/schema.org\",\"@graph\":[{\"@type\":\"WebPage\",\"@id\":\"https:\\\/\\\/cai-quebec.org\\\/nos-services\\\/\",\"url\":\"https:\\\/\\\/cai-quebec.org\\\/nos-services\\\/\",\"name\":\"Nuestros servicios - Carrefour d&#039;action interculturelle\",\"isPartOf\":{\"@id\":\"https:\\\/\\\/cai-quebec.org\\\/#website\"},\"primaryImageOfPage\":{\"@id\":\"https:\\\/\\\/cai-quebec.org\\\/nos-services\\\/#primaryimage\"},\"image\":{\"@id\":\"https:\\\/\\\/cai-quebec.org\\\/nos-services\\\/#primaryimage\"},\"thumbnailUrl\":\"https:\\\/\\\/dev24.devconceptionwm.com\\\/wp-content\\\/uploads\\\/2023\\\/11\\\/CAI-offredeservices-simplifiC3A9e-scaled-e1588972819952-474x324-1.jpg\",\"datePublished\":\"2023-11-28T18:48:13+00:00\",\"dateModified\":\"2024-01-29T16:19:09+00:00\",\"breadcrumb\":{\"@id\":\"https:\\\/\\\/cai-quebec.org\\\/nos-services\\\/#breadcrumb\"},\"inLanguage\":\"es\",\"potentialAction\":[{\"@type\":\"ReadAction\",\"target\":[\"https:\\\/\\\/cai-quebec.org\\\/nos-services\\\/\"]}]},{\"@type\":\"ImageObject\",\"inLanguage\":\"es\",\"@id\":\"https:\\\/\\\/cai-quebec.org\\\/nos-services\\\/#primaryimage\",\"url\":\"https:\\\/\\\/dev24.devconceptionwm.com\\\/wp-content\\\/uploads\\\/2023\\\/11\\\/CAI-offredeservices-simplifiC3A9e-scaled-e1588972819952-474x324-1.jpg\",\"contentUrl\":\"https:\\\/\\\/dev24.devconceptionwm.com\\\/wp-content\\\/uploads\\\/2023\\\/11\\\/CAI-offredeservices-simplifiC3A9e-scaled-e1588972819952-474x324-1.jpg\"},{\"@type\":\"BreadcrumbList\",\"@id\":\"https:\\\/\\\/cai-quebec.org\\\/nos-services\\\/#breadcrumb\",\"itemListElement\":[{\"@type\":\"ListItem\",\"position\":1,\"name\":\"Accueil\",\"item\":\"https:\\\/\\\/cai-quebec.org\\\/es\\\/\"},{\"@type\":\"ListItem\",\"position\":2,\"name\":\"Nuestros servicios\"}]},{\"@type\":\"WebSite\",\"@id\":\"https:\\\/\\\/cai-quebec.org\\\/#website\",\"url\":\"https:\\\/\\\/cai-quebec.org\\\/\",\"name\":\"Carrefour d&#039;action interculturelle\",\"description\":\"\",\"publisher\":{\"@id\":\"https:\\\/\\\/cai-quebec.org\\\/#organization\"},\"potentialAction\":[{\"@type\":\"SearchAction\",\"target\":{\"@type\":\"EntryPoint\",\"urlTemplate\":\"https:\\\/\\\/cai-quebec.org\\\/?s={search_term_string}\"},\"query-input\":{\"@type\":\"PropertyValueSpecification\",\"valueRequired\":true,\"valueName\":\"search_term_string\"}}],\"inLanguage\":\"es\"},{\"@type\":\"Organization\",\"@id\":\"https:\\\/\\\/cai-quebec.org\\\/#organization\",\"name\":\"Carrefour d&#039;action interculturelle\",\"url\":\"https:\\\/\\\/cai-quebec.org\\\/\",\"logo\":{\"@type\":\"ImageObject\",\"inLanguage\":\"es\",\"@id\":\"https:\\\/\\\/cai-quebec.org\\\/#\\\/schema\\\/logo\\\/image\\\/\",\"url\":\"https:\\\/\\\/cai-quebec.org\\\/wp-content\\\/uploads\\\/2023\\\/11\\\/CAI-logo-blanc.png\",\"contentUrl\":\"https:\\\/\\\/cai-quebec.org\\\/wp-content\\\/uploads\\\/2023\\\/11\\\/CAI-logo-blanc.png\",\"width\":100,\"height\":70,\"caption\":\"Carrefour d&#039;action interculturelle\"},\"image\":{\"@id\":\"https:\\\/\\\/cai-quebec.org\\\/#\\\/schema\\\/logo\\\/image\\\/\"}}]}<\/script>\n<!-- \/ Yoast SEO plugin. -->","yoast_head_json":{"title":"Nuestros servicios - Carrefour d&#039;action interculturelle","robots":{"index":"index","follow":"follow","max-snippet":"max-snippet:-1","max-image-preview":"max-image-preview:large","max-video-preview":"max-video-preview:-1"},"canonical":"https:\/\/cai-quebec.org\/nos-services\/","og_locale":"es_ES","og_type":"article","og_title":"Nuestros servicios - Carrefour d&#039;action interculturelle","og_description":"Con sus tres \u00e1reas de servicio, el CAI pretende completar la gama de recursos disponibles para los reci\u00e9n llegados a la ciudad de Quebec. De hecho, trabajamos en toda la Ciudad y nuestros horarios at\u00edpicos nos permiten llegar a una multitud de personas. Esta flexibilidad se manifiesta tambi\u00e9n en la apertura y la gran adaptabilidad [&hellip;]","og_url":"https:\/\/cai-quebec.org\/nos-services\/","og_site_name":"Carrefour d&#039;action interculturelle","article_modified_time":"2024-01-29T16:19:09+00:00","og_image":[{"url":"https:\/\/dev24.devconceptionwm.com\/wp-content\/uploads\/2023\/11\/CAI-offredeservices-simplifiC3A9e-scaled-e1588972819952-474x324-1.jpg","type":"","width":"","height":""}],"twitter_card":"summary_large_image","twitter_misc":{"Tiempo de lectura":"1 minuto"},"schema":{"@context":"https:\/\/schema.org","@graph":[{"@type":"WebPage","@id":"https:\/\/cai-quebec.org\/nos-services\/","url":"https:\/\/cai-quebec.org\/nos-services\/","name":"Nuestros servicios - Carrefour d&#039;action interculturelle","isPartOf":{"@id":"https:\/\/cai-quebec.org\/#website"},"primaryImageOfPage":{"@id":"https:\/\/cai-quebec.org\/nos-services\/#primaryimage"},"image":{"@id":"https:\/\/cai-quebec.org\/nos-services\/#primaryimage"},"thumbnailUrl":"https:\/\/dev24.devconceptionwm.com\/wp-content\/uploads\/2023\/11\/CAI-offredeservices-simplifiC3A9e-scaled-e1588972819952-474x324-1.jpg","datePublished":"2023-11-28T18:48:13+00:00","dateModified":"2024-01-29T16:19:09+00:00","breadcrumb":{"@id":"https:\/\/cai-quebec.org\/nos-services\/#breadcrumb"},"inLanguage":"es","potentialAction":[{"@type":"ReadAction","target":["https:\/\/cai-quebec.org\/nos-services\/"]}]},{"@type":"ImageObject","inLanguage":"es","@id":"https:\/\/cai-quebec.org\/nos-services\/#primaryimage","url":"https:\/\/dev24.devconceptionwm.com\/wp-content\/uploads\/2023\/11\/CAI-offredeservices-simplifiC3A9e-scaled-e1588972819952-474x324-1.jpg","contentUrl":"https:\/\/dev24.devconceptionwm.com\/wp-content\/uploads\/2023\/11\/CAI-offredeservices-simplifiC3A9e-scaled-e1588972819952-474x324-1.jpg"},{"@type":"BreadcrumbList","@id":"https:\/\/cai-quebec.org\/nos-services\/#breadcrumb","itemListElement":[{"@type":"ListItem","position":1,"name":"Accueil","item":"https:\/\/cai-quebec.org\/es\/"},{"@type":"ListItem","position":2,"name":"Nuestros servicios"}]},{"@type":"WebSite","@id":"https:\/\/cai-quebec.org\/#website","url":"https:\/\/cai-quebec.org\/","name":"Carrefour d&#039;action interculturelle","description":"","publisher":{"@id":"https:\/\/cai-quebec.org\/#organization"},"potentialAction":[{"@type":"SearchAction","target":{"@type":"EntryPoint","urlTemplate":"https:\/\/cai-quebec.org\/?s={search_term_string}"},"query-input":{"@type":"PropertyValueSpecification","valueRequired":true,"valueName":"search_term_string"}}],"inLanguage":"es"},{"@type":"Organization","@id":"https:\/\/cai-quebec.org\/#organization","name":"Carrefour d&#039;action interculturelle","url":"https:\/\/cai-quebec.org\/","logo":{"@type":"ImageObject","inLanguage":"es","@id":"https:\/\/cai-quebec.org\/#\/schema\/logo\/image\/","url":"https:\/\/cai-quebec.org\/wp-content\/uploads\/2023\/11\/CAI-logo-blanc.png","contentUrl":"https:\/\/cai-quebec.org\/wp-content\/uploads\/2023\/11\/CAI-logo-blanc.png","width":100,"height":70,"caption":"Carrefour d&#039;action interculturelle"},"image":{"@id":"https:\/\/cai-quebec.org\/#\/schema\/logo\/image\/"}}]}},"_links":{"self":[{"href":"https:\/\/cai-quebec.org\/es\/wp-json\/wp\/v2\/pages\/1329","targetHints":{"allow":["GET"]}}],"collection":[{"href":"https:\/\/cai-quebec.org\/es\/wp-json\/wp\/v2\/pages"}],"about":[{"href":"https:\/\/cai-quebec.org\/es\/wp-json\/wp\/v2\/types\/page"}],"author":[{"embeddable":true,"href":"https:\/\/cai-quebec.org\/es\/wp-json\/wp\/v2\/users\/2"}],"replies":[{"embeddable":true,"href":"https:\/\/cai-quebec.org\/es\/wp-json\/wp\/v2\/comments?post=1329"}],"version-history":[{"count":6,"href":"https:\/\/cai-quebec.org\/es\/wp-json\/wp\/v2\/pages\/1329\/revisions"}],"predecessor-version":[{"id":1667,"href":"https:\/\/cai-quebec.org\/es\/wp-json\/wp\/v2\/pages\/1329\/revisions\/1667"}],"wp:attachment":[{"href":"https:\/\/cai-quebec.org\/es\/wp-json\/wp\/v2\/media?parent=1329"}],"curies":[{"name":"wp","href":"https:\/\/api.w.org\/{rel}","templated":true}]}}