{"id":1323,"date":"2023-11-28T13:43:31","date_gmt":"2023-11-28T18:43:31","guid":{"rendered":"https:\/\/dev24.devconceptionwm.com\/pongase-en-contacto-con-nosotros\/"},"modified":"2026-01-08T11:06:42","modified_gmt":"2026-01-08T16:06:42","slug":"pongase-en-contacto-con-nosotros","status":"publish","type":"page","link":"https:\/\/cai-quebec.org\/es\/pongase-en-contacto-con-nosotros\/","title":{"rendered":"P\u00f3ngase en contacto con nosotros"},"content":{"rendered":"\t\t<div data-elementor-type=\"wp-page\" data-elementor-id=\"1323\" class=\"elementor elementor-1323 elementor-542\" data-elementor-post-type=\"page\">\n\t\t\t\t<div class=\"elementor-element elementor-element-6e61ade e-flex e-con-boxed e-con e-parent\" data-id=\"6e61ade\" data-element_type=\"container\" data-e-type=\"container\">\n\t\t\t\t\t<div class=\"e-con-inner\">\n\t\t<div class=\"elementor-element elementor-element-c07487d e-con-full e-flex e-con e-child\" data-id=\"c07487d\" data-element_type=\"container\" data-e-type=\"container\">\n\t\t\t\t<div class=\"elementor-element elementor-element-e783ea8 elementor-widget elementor-widget-heading\" data-id=\"e783ea8\" data-element_type=\"widget\" data-e-type=\"widget\" data-widget_type=\"heading.default\">\n\t\t\t\t<div class=\"elementor-widget-container\">\n\t\t\t\t\t<h4 class=\"elementor-heading-title elementor-size-default\">Nuestros datos de contacto<\/h4>\t\t\t\t<\/div>\n\t\t\t\t<\/div>\n\t\t\t\t<div class=\"elementor-element elementor-element-52460fd elementor-icon-list--layout-traditional elementor-list-item-link-full_width elementor-widget elementor-widget-icon-list\" data-id=\"52460fd\" data-element_type=\"widget\" data-e-type=\"widget\" data-widget_type=\"icon-list.default\">\n\t\t\t\t<div class=\"elementor-widget-container\">\n\t\t\t\t\t\t\t<ul class=\"elementor-icon-list-items\">\n\t\t\t\t\t\t\t<li class=\"elementor-icon-list-item\">\n\t\t\t\t\t\t\t\t\t\t<span class=\"elementor-icon-list-text\">945, rue des S\u0153urs de la Charit\u00e9, Qu\u00e9bec QC G1R 1H8<\/span>\n\t\t\t\t\t\t\t\t\t<\/li>\n\t\t\t\t\t\t\t\t<li class=\"elementor-icon-list-item\">\n\t\t\t\t\t\t\t\t\t\t<span class=\"elementor-icon-list-text\">418-692-1762 ext. 236<\/span>\n\t\t\t\t\t\t\t\t\t<\/li>\n\t\t\t\t\t\t\t\t<li class=\"elementor-icon-list-item\">\n\t\t\t\t\t\t\t\t\t\t\t<a href=\"mailto:info@cai-quebec.org\">\n\n\t\t\t\t\t\t\t\t\t\t\t<span class=\"elementor-icon-list-text\">info@cai-quebec.org<\/span>\n\t\t\t\t\t\t\t\t\t\t\t<\/a>\n\t\t\t\t\t\t\t\t\t<\/li>\n\t\t\t\t\t\t<\/ul>\n\t\t\t\t\t\t<\/div>\n\t\t\t\t<\/div>\n\t\t\t\t<\/div>\n\t\t<div class=\"elementor-element elementor-element-10469a3 e-con-full e-flex e-con e-child\" data-id=\"10469a3\" data-element_type=\"container\" data-e-type=\"container\">\n\t\t\t\t<div class=\"elementor-element elementor-element-626ee51 elementor-widget__width-inherit elementor-widget elementor-widget-html\" data-id=\"626ee51\" data-element_type=\"widget\" data-e-type=\"widget\" data-widget_type=\"html.default\">\n\t\t\t\t<div class=\"elementor-widget-container\">\n\t\t\t\t\t<iframe src=\"https:\/\/www.google.com\/maps\/embed?pb=!1m14!1m8!1m3!1d87377.21253620429!2d-71.21579!3d46.813408!3m2!1i1024!2i768!4f13.1!3m3!1m2!1s0x4cb89675ec26e9e3%3A0x9b889d01fe37432!2s945%20Rue%20des%20Soeurs%20de%20la%20Charit%C3%A9%2C%20Qu%C3%A9bec%2C%20QC%20G1R%201H8%2C%20Canada!5e0!3m2!1sen!2sus!4v1701201966809!5m2!1sen!2sus\" width=\"600\" height=\"250\" style=\"border:0;\" allowfullscreen=\"\" loading=\"lazy\" referrerpolicy=\"no-referrer-when-downgrade\"><\/iframe>\t\t\t\t<\/div>\n\t\t\t\t<\/div>\n\t\t\t\t<\/div>\n\t\t\t\t\t<\/div>\n\t\t\t\t<\/div>\n\t\t<div class=\"elementor-element elementor-element-48106ba e-flex e-con-boxed e-con e-parent\" data-id=\"48106ba\" data-element_type=\"container\" data-e-type=\"container\">\n\t\t\t\t\t<div class=\"e-con-inner\">\n\t\t<div class=\"elementor-element elementor-element-e8654ff e-con-full e-flex e-con e-child\" data-id=\"e8654ff\" data-element_type=\"container\" data-e-type=\"container\">\n\t\t\t\t<div class=\"elementor-element elementor-element-6ad8af0 elementor-widget elementor-widget-heading\" data-id=\"6ad8af0\" data-element_type=\"widget\" data-e-type=\"widget\" data-widget_type=\"heading.default\">\n\t\t\t\t<div class=\"elementor-widget-container\">\n\t\t\t\t\t<h4 class=\"elementor-heading-title elementor-size-default\">D\u00e9janos un mensaje<\/h4>\t\t\t\t<\/div>\n\t\t\t\t<\/div>\n\t\t\t\t<div class=\"elementor-element elementor-element-b44ed1f elementor-button-align-start elementor-widget elementor-widget-form\" data-id=\"b44ed1f\" data-element_type=\"widget\" data-e-type=\"widget\" data-settings=\"{&quot;step_next_label&quot;:&quot;Siguiente&quot;,&quot;step_previous_label&quot;:&quot;Anterior&quot;,&quot;button_width&quot;:&quot;100&quot;,&quot;step_type&quot;:&quot;number_text&quot;,&quot;step_icon_shape&quot;:&quot;circle&quot;}\" data-widget_type=\"form.default\">\n\t\t\t\t<div class=\"elementor-widget-container\">\n\t\t\t\t\t\t\t<form class=\"elementor-form\" method=\"post\" name=\"Nuevo formulario\" aria-label=\"Nuevo formulario\">\n\t\t\t<input type=\"hidden\" name=\"post_id\" value=\"1323\"\/>\n\t\t\t<input type=\"hidden\" name=\"form_id\" value=\"b44ed1f\"\/>\n\t\t\t<input type=\"hidden\" name=\"referer_title\" value=\"P\u00f3ngase en contacto con nosotros - Carrefour d&#039;action interculturelle\" \/>\n\n\t\t\t\t\t\t\t<input type=\"hidden\" name=\"queried_id\" value=\"1323\"\/>\n\t\t\t\n\t\t\t<div class=\"elementor-form-fields-wrapper elementor-labels-above\">\n\t\t\t\t\t\t\t\t<div class=\"elementor-field-type-text elementor-field-group elementor-column elementor-field-group-name elementor-col-50\">\n\t\t\t\t\t\t\t\t\t\t\t\t<label for=\"form-field-name\" class=\"elementor-field-label\">\n\t\t\t\t\t\t\t\tNombre\t\t\t\t\t\t\t<\/label>\n\t\t\t\t\t\t\t\t\t\t\t\t\t\t<input size=\"1\" type=\"text\" name=\"form_fields[name]\" id=\"form-field-name\" class=\"elementor-field elementor-size-sm  elementor-field-textual\">\n\t\t\t\t\t\t\t\t\t\t\t<\/div>\n\t\t\t\t\t\t\t\t<div class=\"elementor-field-type-text elementor-field-group elementor-column elementor-field-group-field_649d96a elementor-col-50\">\n\t\t\t\t\t\t\t\t\t\t\t\t<label for=\"form-field-field_649d96a\" class=\"elementor-field-label\">\n\t\t\t\t\t\t\t\tNombre\t\t\t\t\t\t\t<\/label>\n\t\t\t\t\t\t\t\t\t\t\t\t\t\t<input size=\"1\" type=\"text\" name=\"form_fields[field_649d96a]\" id=\"form-field-field_649d96a\" class=\"elementor-field elementor-size-sm  elementor-field-textual\">\n\t\t\t\t\t\t\t\t\t\t\t<\/div>\n\t\t\t\t\t\t\t\t<div class=\"elementor-field-type-email elementor-field-group elementor-column elementor-field-group-email elementor-col-50 elementor-field-required\">\n\t\t\t\t\t\t\t\t\t\t\t\t<label for=\"form-field-email\" class=\"elementor-field-label\">\n\t\t\t\t\t\t\t\tCorreo electr\u00f3nico\t\t\t\t\t\t\t<\/label>\n\t\t\t\t\t\t\t\t\t\t\t\t\t\t<input size=\"1\" type=\"email\" name=\"form_fields[email]\" id=\"form-field-email\" class=\"elementor-field elementor-size-sm  elementor-field-textual\" required=\"required\">\n\t\t\t\t\t\t\t\t\t\t\t<\/div>\n\t\t\t\t\t\t\t\t<div class=\"elementor-field-type-tel elementor-field-group elementor-column elementor-field-group-field_4d573b6 elementor-col-50 elementor-field-required\">\n\t\t\t\t\t\t\t\t\t\t\t\t<label for=\"form-field-field_4d573b6\" class=\"elementor-field-label\">\n\t\t\t\t\t\t\t\tTel\u00e9fono\t\t\t\t\t\t\t<\/label>\n\t\t\t\t\t\t\t\t<input size=\"1\" type=\"tel\" name=\"form_fields[field_4d573b6]\" id=\"form-field-field_4d573b6\" class=\"elementor-field elementor-size-sm  elementor-field-textual\" required=\"required\" pattern=\"[0-9()#&amp;+*-=.]+\" title=\"Solo se aceptan n\u00fameros y caracteres de tel\u00e9fono (#,-,*,etc).\">\n\n\t\t\t\t\t\t<\/div>\n\t\t\t\t\t\t\t\t<div class=\"elementor-field-type-textarea elementor-field-group elementor-column elementor-field-group-message elementor-col-100\">\n\t\t\t\t\t\t\t\t\t\t\t\t<label for=\"form-field-message\" class=\"elementor-field-label\">\n\t\t\t\t\t\t\t\t\u00bfC\u00f3mo conoci\u00f3 el CAI?\t\t\t\t\t\t\t<\/label>\n\t\t\t\t\t\t<textarea class=\"elementor-field-textual elementor-field  elementor-size-sm\" name=\"form_fields[message]\" id=\"form-field-message\" rows=\"4\"><\/textarea>\t\t\t\t<\/div>\n\t\t\t\t\t\t\t\t<div class=\"elementor-field-type-textarea elementor-field-group elementor-column elementor-field-group-field_9526552 elementor-col-100\">\n\t\t\t\t\t\t\t\t\t\t\t\t<label for=\"form-field-field_9526552\" class=\"elementor-field-label\">\n\t\t\t\t\t\t\t\tMensaje\t\t\t\t\t\t\t<\/label>\n\t\t\t\t\t\t<textarea class=\"elementor-field-textual elementor-field  elementor-size-sm\" name=\"form_fields[field_9526552]\" id=\"form-field-field_9526552\" rows=\"4\"><\/textarea>\t\t\t\t<\/div>\n\t\t\t\t\t\t\t\t<div class=\"elementor-field-group elementor-column elementor-field-type-submit elementor-col-100 e-form__buttons\">\n\t\t\t\t\t<button class=\"elementor-button elementor-size-sm\" type=\"submit\">\n\t\t\t\t\t\t<span class=\"elementor-button-content-wrapper\">\n\t\t\t\t\t\t\t\t\t\t\t\t\t\t\t\t\t\t\t\t\t\t<span class=\"elementor-button-text\">Enviar<\/span>\n\t\t\t\t\t\t\t\t\t\t\t\t\t<\/span>\n\t\t\t\t\t<\/button>\n\t\t\t\t<\/div>\n\t\t\t<\/div>\n\t\t<\/form>\n\t\t\t\t\t\t<\/div>\n\t\t\t\t<\/div>\n\t\t\t\t<\/div>\n\t\t<div class=\"elementor-element elementor-element-cf9cd12 e-con-full e-flex e-con e-child\" data-id=\"cf9cd12\" data-element_type=\"container\" data-e-type=\"container\">\n\t\t\t\t<\/div>\n\t\t\t\t\t<\/div>\n\t\t\t\t<\/div>\n\t\t\t\t<\/div>\n\t\t","protected":false},"excerpt":{"rendered":"<p>Nuestros datos de contacto 945, rue des S\u0153urs de la Charit\u00e9, Qu\u00e9bec QC G1R 1H8 418-692-1762 ext. 236 info@cai-quebec.org D\u00e9janos un mensaje<\/p>\n","protected":false},"author":2,"featured_media":0,"parent":0,"menu_order":0,"comment_status":"closed","ping_status":"closed","template":"","meta":{"_acf_changed":false,"footnotes":""},"class_list":["post-1323","page","type-page","status-publish","hentry"],"acf":[],"yoast_head":"<!-- This site is optimized with the Yoast SEO plugin v27.5 - https:\/\/yoast.com\/product\/yoast-seo-wordpress\/ -->\n<title>P\u00f3ngase en contacto con nosotros - Carrefour d&#039;action interculturelle<\/title>\n<meta name=\"robots\" content=\"index, follow, max-snippet:-1, max-image-preview:large, max-video-preview:-1\" \/>\n<link rel=\"canonical\" href=\"https:\/\/cai-quebec.org\/nous-joindre\/\" \/>\n<meta property=\"og:locale\" content=\"es_ES\" \/>\n<meta property=\"og:type\" content=\"article\" \/>\n<meta property=\"og:title\" content=\"P\u00f3ngase en contacto con nosotros - Carrefour d&#039;action interculturelle\" \/>\n<meta property=\"og:description\" content=\"Nuestros datos de contacto 945, rue des S\u0153urs de la Charit\u00e9, Qu\u00e9bec QC G1R 1H8 418-692-1762 ext. 236 info@cai-quebec.org D\u00e9janos un mensaje\" \/>\n<meta property=\"og:url\" content=\"https:\/\/cai-quebec.org\/nous-joindre\/\" \/>\n<meta property=\"og:site_name\" content=\"Carrefour d&#039;action interculturelle\" \/>\n<meta property=\"article:modified_time\" content=\"2026-01-08T16:06:42+00:00\" \/>\n<meta name=\"twitter:card\" content=\"summary_large_image\" \/>\n<meta name=\"twitter:label1\" content=\"Tiempo de lectura\" \/>\n\t<meta name=\"twitter:data1\" content=\"1 minuto\" \/>\n<script type=\"application\/ld+json\" class=\"yoast-schema-graph\">{\"@context\":\"https:\\\/\\\/schema.org\",\"@graph\":[{\"@type\":\"WebPage\",\"@id\":\"https:\\\/\\\/cai-quebec.org\\\/nous-joindre\\\/\",\"url\":\"https:\\\/\\\/cai-quebec.org\\\/nous-joindre\\\/\",\"name\":\"P\u00f3ngase en contacto con nosotros - Carrefour d&#039;action interculturelle\",\"isPartOf\":{\"@id\":\"https:\\\/\\\/cai-quebec.org\\\/#website\"},\"datePublished\":\"2023-11-28T18:43:31+00:00\",\"dateModified\":\"2026-01-08T16:06:42+00:00\",\"breadcrumb\":{\"@id\":\"https:\\\/\\\/cai-quebec.org\\\/nous-joindre\\\/#breadcrumb\"},\"inLanguage\":\"es\",\"potentialAction\":[{\"@type\":\"ReadAction\",\"target\":[\"https:\\\/\\\/cai-quebec.org\\\/nous-joindre\\\/\"]}]},{\"@type\":\"BreadcrumbList\",\"@id\":\"https:\\\/\\\/cai-quebec.org\\\/nous-joindre\\\/#breadcrumb\",\"itemListElement\":[{\"@type\":\"ListItem\",\"position\":1,\"name\":\"Accueil\",\"item\":\"https:\\\/\\\/cai-quebec.org\\\/es\\\/\"},{\"@type\":\"ListItem\",\"position\":2,\"name\":\"P\u00f3ngase en contacto con nosotros\"}]},{\"@type\":\"WebSite\",\"@id\":\"https:\\\/\\\/cai-quebec.org\\\/#website\",\"url\":\"https:\\\/\\\/cai-quebec.org\\\/\",\"name\":\"Carrefour d&#039;action interculturelle\",\"description\":\"\",\"publisher\":{\"@id\":\"https:\\\/\\\/cai-quebec.org\\\/#organization\"},\"potentialAction\":[{\"@type\":\"SearchAction\",\"target\":{\"@type\":\"EntryPoint\",\"urlTemplate\":\"https:\\\/\\\/cai-quebec.org\\\/?s={search_term_string}\"},\"query-input\":{\"@type\":\"PropertyValueSpecification\",\"valueRequired\":true,\"valueName\":\"search_term_string\"}}],\"inLanguage\":\"es\"},{\"@type\":\"Organization\",\"@id\":\"https:\\\/\\\/cai-quebec.org\\\/#organization\",\"name\":\"Carrefour d&#039;action interculturelle\",\"url\":\"https:\\\/\\\/cai-quebec.org\\\/\",\"logo\":{\"@type\":\"ImageObject\",\"inLanguage\":\"es\",\"@id\":\"https:\\\/\\\/cai-quebec.org\\\/#\\\/schema\\\/logo\\\/image\\\/\",\"url\":\"https:\\\/\\\/cai-quebec.org\\\/wp-content\\\/uploads\\\/2023\\\/11\\\/CAI-logo-blanc.png\",\"contentUrl\":\"https:\\\/\\\/cai-quebec.org\\\/wp-content\\\/uploads\\\/2023\\\/11\\\/CAI-logo-blanc.png\",\"width\":100,\"height\":70,\"caption\":\"Carrefour d&#039;action interculturelle\"},\"image\":{\"@id\":\"https:\\\/\\\/cai-quebec.org\\\/#\\\/schema\\\/logo\\\/image\\\/\"}}]}<\/script>\n<!-- \/ Yoast SEO plugin. -->","yoast_head_json":{"title":"P\u00f3ngase en contacto con nosotros - Carrefour d&#039;action interculturelle","robots":{"index":"index","follow":"follow","max-snippet":"max-snippet:-1","max-image-preview":"max-image-preview:large","max-video-preview":"max-video-preview:-1"},"canonical":"https:\/\/cai-quebec.org\/nous-joindre\/","og_locale":"es_ES","og_type":"article","og_title":"P\u00f3ngase en contacto con nosotros - Carrefour d&#039;action interculturelle","og_description":"Nuestros datos de contacto 945, rue des S\u0153urs de la Charit\u00e9, Qu\u00e9bec QC G1R 1H8 418-692-1762 ext. 236 info@cai-quebec.org D\u00e9janos un mensaje","og_url":"https:\/\/cai-quebec.org\/nous-joindre\/","og_site_name":"Carrefour d&#039;action interculturelle","article_modified_time":"2026-01-08T16:06:42+00:00","twitter_card":"summary_large_image","twitter_misc":{"Tiempo de lectura":"1 minuto"},"schema":{"@context":"https:\/\/schema.org","@graph":[{"@type":"WebPage","@id":"https:\/\/cai-quebec.org\/nous-joindre\/","url":"https:\/\/cai-quebec.org\/nous-joindre\/","name":"P\u00f3ngase en contacto con nosotros - Carrefour d&#039;action interculturelle","isPartOf":{"@id":"https:\/\/cai-quebec.org\/#website"},"datePublished":"2023-11-28T18:43:31+00:00","dateModified":"2026-01-08T16:06:42+00:00","breadcrumb":{"@id":"https:\/\/cai-quebec.org\/nous-joindre\/#breadcrumb"},"inLanguage":"es","potentialAction":[{"@type":"ReadAction","target":["https:\/\/cai-quebec.org\/nous-joindre\/"]}]},{"@type":"BreadcrumbList","@id":"https:\/\/cai-quebec.org\/nous-joindre\/#breadcrumb","itemListElement":[{"@type":"ListItem","position":1,"name":"Accueil","item":"https:\/\/cai-quebec.org\/es\/"},{"@type":"ListItem","position":2,"name":"P\u00f3ngase en contacto con nosotros"}]},{"@type":"WebSite","@id":"https:\/\/cai-quebec.org\/#website","url":"https:\/\/cai-quebec.org\/","name":"Carrefour d&#039;action interculturelle","description":"","publisher":{"@id":"https:\/\/cai-quebec.org\/#organization"},"potentialAction":[{"@type":"SearchAction","target":{"@type":"EntryPoint","urlTemplate":"https:\/\/cai-quebec.org\/?s={search_term_string}"},"query-input":{"@type":"PropertyValueSpecification","valueRequired":true,"valueName":"search_term_string"}}],"inLanguage":"es"},{"@type":"Organization","@id":"https:\/\/cai-quebec.org\/#organization","name":"Carrefour d&#039;action interculturelle","url":"https:\/\/cai-quebec.org\/","logo":{"@type":"ImageObject","inLanguage":"es","@id":"https:\/\/cai-quebec.org\/#\/schema\/logo\/image\/","url":"https:\/\/cai-quebec.org\/wp-content\/uploads\/2023\/11\/CAI-logo-blanc.png","contentUrl":"https:\/\/cai-quebec.org\/wp-content\/uploads\/2023\/11\/CAI-logo-blanc.png","width":100,"height":70,"caption":"Carrefour d&#039;action interculturelle"},"image":{"@id":"https:\/\/cai-quebec.org\/#\/schema\/logo\/image\/"}}]}},"_links":{"self":[{"href":"https:\/\/cai-quebec.org\/es\/wp-json\/wp\/v2\/pages\/1323","targetHints":{"allow":["GET"]}}],"collection":[{"href":"https:\/\/cai-quebec.org\/es\/wp-json\/wp\/v2\/pages"}],"about":[{"href":"https:\/\/cai-quebec.org\/es\/wp-json\/wp\/v2\/types\/page"}],"author":[{"embeddable":true,"href":"https:\/\/cai-quebec.org\/es\/wp-json\/wp\/v2\/users\/2"}],"replies":[{"embeddable":true,"href":"https:\/\/cai-quebec.org\/es\/wp-json\/wp\/v2\/comments?post=1323"}],"version-history":[{"count":8,"href":"https:\/\/cai-quebec.org\/es\/wp-json\/wp\/v2\/pages\/1323\/revisions"}],"predecessor-version":[{"id":2327,"href":"https:\/\/cai-quebec.org\/es\/wp-json\/wp\/v2\/pages\/1323\/revisions\/2327"}],"wp:attachment":[{"href":"https:\/\/cai-quebec.org\/es\/wp-json\/wp\/v2\/media?parent=1323"}],"curies":[{"name":"wp","href":"https:\/\/api.w.org\/{rel}","templated":true}]}}