{"id":1310,"date":"2023-11-29T11:26:28","date_gmt":"2023-11-29T16:26:28","guid":{"rendered":"https:\/\/dev24.devconceptionwm.com\/actividades-socioculturales\/"},"modified":"2023-12-14T08:32:44","modified_gmt":"2023-12-14T13:32:44","slug":"actividades-socioculturales","status":"publish","type":"page","link":"https:\/\/cai-quebec.org\/es\/actividades-socioculturales\/","title":{"rendered":"Actividades socioculturales"},"content":{"rendered":"\t\t<div data-elementor-type=\"wp-page\" data-elementor-id=\"1310\" class=\"elementor elementor-1310 elementor-690\" data-elementor-post-type=\"page\">\n\t\t\t\t<div class=\"elementor-element elementor-element-4bce842 e-flex e-con-boxed e-con e-parent\" data-id=\"4bce842\" data-element_type=\"container\" data-e-type=\"container\">\n\t\t\t\t\t<div class=\"e-con-inner\">\n\t\t<div class=\"elementor-element elementor-element-8ba80e5 e-con-full e-flex e-con e-child\" data-id=\"8ba80e5\" data-element_type=\"container\" data-e-type=\"container\">\n\t\t\t\t<div class=\"elementor-element elementor-element-b5bb0a2 elementor-widget elementor-widget-text-editor\" data-id=\"b5bb0a2\" data-element_type=\"widget\" data-e-type=\"widget\" data-widget_type=\"text-editor.default\">\n\t\t\t\t<div class=\"elementor-widget-container\">\n\t\t\t\t\t\t\t\t\t<p>Las actividades socioculturales favorecen la salida del aislamiento, el intercambio cultural y la socializaci\u00f3n. Las actividades propuestas est\u00e1n directamente relacionadas con las necesidades y los deseos expresados por los miembros de nuestra organizaci\u00f3n. En estas actividades, se valora la participaci\u00f3n de los quebequenses nativos, pero tambi\u00e9n la de quienes se han instalado recientemente en Quebec, con el prop\u00f3sito de favorecer el intercambio.<\/p>\n\t\t\t\t\t\t\t\t<\/div>\n\t\t\t\t<\/div>\n\t\t\t\t<\/div>\n\t\t<div class=\"elementor-element elementor-element-ec19989 e-con-full e-flex e-con e-child\" data-id=\"ec19989\" data-element_type=\"container\" data-e-type=\"container\">\n\t\t\t\t<\/div>\n\t\t\t\t\t<\/div>\n\t\t\t\t<\/div>\n\t\t<div class=\"elementor-element elementor-element-96253bd e-con-full e-flex e-con e-parent\" data-id=\"96253bd\" data-element_type=\"container\" data-e-type=\"container\" data-settings=\"{&quot;background_background&quot;:&quot;classic&quot;}\">\n\t\t\t\t<div class=\"elementor-element elementor-element-e4252fb elementor-grid-2 elementor-widget__width-initial elementor-widget-tablet__width-inherit elementor-grid-tablet-2 elementor-grid-mobile-1 elementor-widget elementor-widget-loop-grid\" data-id=\"e4252fb\" data-element_type=\"widget\" data-e-type=\"widget\" data-settings=\"{&quot;template_id&quot;:1377,&quot;columns&quot;:2,&quot;_skin&quot;:&quot;post&quot;,&quot;columns_tablet&quot;:&quot;2&quot;,&quot;columns_mobile&quot;:&quot;1&quot;,&quot;edit_handle_selector&quot;:&quot;[data-elementor-type=\\&quot;loop-item\\&quot;]&quot;,&quot;row_gap&quot;:{&quot;unit&quot;:&quot;px&quot;,&quot;size&quot;:&quot;&quot;,&quot;sizes&quot;:[]},&quot;row_gap_tablet&quot;:{&quot;unit&quot;:&quot;px&quot;,&quot;size&quot;:&quot;&quot;,&quot;sizes&quot;:[]},&quot;row_gap_mobile&quot;:{&quot;unit&quot;:&quot;px&quot;,&quot;size&quot;:&quot;&quot;,&quot;sizes&quot;:[]}}\" data-widget_type=\"loop-grid.post\">\n\t\t\t\t<div class=\"elementor-widget-container\">\n\t\t\t\t\t\t\t<div class=\"e-loop-nothing-found-message\">\n\t\t<\/div>\n\t\t\t\t\t\t<\/div>\n\t\t\t\t<\/div>\n\t\t\t\t<\/div>\n\t\t\t\t<\/div>\n\t\t","protected":false},"excerpt":{"rendered":"<p>Las actividades socioculturales favorecen la salida del aislamiento, el intercambio cultural y la socializaci\u00f3n. Las actividades propuestas est\u00e1n directamente relacionadas con las necesidades y los deseos expresados por los miembros de nuestra organizaci\u00f3n. En estas actividades, se valora la participaci\u00f3n de los quebequenses nativos, pero tambi\u00e9n la de quienes se han instalado recientemente en Quebec, [&hellip;]<\/p>\n","protected":false},"author":2,"featured_media":0,"parent":0,"menu_order":0,"comment_status":"closed","ping_status":"closed","template":"","meta":{"_acf_changed":false,"footnotes":""},"class_list":["post-1310","page","type-page","status-publish","hentry"],"acf":[],"yoast_head":"<!-- This site is optimized with the Yoast SEO plugin v27.3 - https:\/\/yoast.com\/product\/yoast-seo-wordpress\/ -->\n<title>Actividades socioculturales - Carrefour d&#039;action interculturelle<\/title>\n<meta name=\"robots\" content=\"index, follow, max-snippet:-1, max-image-preview:large, max-video-preview:-1\" \/>\n<link rel=\"canonical\" href=\"https:\/\/cai-quebec.org\/activites-socioculturelles\/\" \/>\n<meta property=\"og:locale\" content=\"es_ES\" \/>\n<meta property=\"og:type\" content=\"article\" \/>\n<meta property=\"og:title\" content=\"Actividades socioculturales - Carrefour d&#039;action interculturelle\" \/>\n<meta property=\"og:description\" content=\"Las actividades socioculturales favorecen la salida del aislamiento, el intercambio cultural y la socializaci\u00f3n. Las actividades propuestas est\u00e1n directamente relacionadas con las necesidades y los deseos expresados por los miembros de nuestra organizaci\u00f3n. En estas actividades, se valora la participaci\u00f3n de los quebequenses nativos, pero tambi\u00e9n la de quienes se han instalado recientemente en Quebec, [&hellip;]\" \/>\n<meta property=\"og:url\" content=\"https:\/\/cai-quebec.org\/activites-socioculturelles\/\" \/>\n<meta property=\"og:site_name\" content=\"Carrefour d&#039;action interculturelle\" \/>\n<meta property=\"article:modified_time\" content=\"2023-12-14T13:32:44+00:00\" \/>\n<meta name=\"twitter:card\" content=\"summary_large_image\" \/>\n<script type=\"application\/ld+json\" class=\"yoast-schema-graph\">{\"@context\":\"https:\\\/\\\/schema.org\",\"@graph\":[{\"@type\":\"WebPage\",\"@id\":\"https:\\\/\\\/cai-quebec.org\\\/activites-socioculturelles\\\/\",\"url\":\"https:\\\/\\\/cai-quebec.org\\\/activites-socioculturelles\\\/\",\"name\":\"Actividades socioculturales - Carrefour d&#039;action interculturelle\",\"isPartOf\":{\"@id\":\"https:\\\/\\\/cai-quebec.org\\\/#website\"},\"datePublished\":\"2023-11-29T16:26:28+00:00\",\"dateModified\":\"2023-12-14T13:32:44+00:00\",\"breadcrumb\":{\"@id\":\"https:\\\/\\\/cai-quebec.org\\\/activites-socioculturelles\\\/#breadcrumb\"},\"inLanguage\":\"es\",\"potentialAction\":[{\"@type\":\"ReadAction\",\"target\":[\"https:\\\/\\\/cai-quebec.org\\\/activites-socioculturelles\\\/\"]}]},{\"@type\":\"BreadcrumbList\",\"@id\":\"https:\\\/\\\/cai-quebec.org\\\/activites-socioculturelles\\\/#breadcrumb\",\"itemListElement\":[{\"@type\":\"ListItem\",\"position\":1,\"name\":\"Accueil\",\"item\":\"https:\\\/\\\/cai-quebec.org\\\/es\\\/\"},{\"@type\":\"ListItem\",\"position\":2,\"name\":\"Actividades socioculturales\"}]},{\"@type\":\"WebSite\",\"@id\":\"https:\\\/\\\/cai-quebec.org\\\/#website\",\"url\":\"https:\\\/\\\/cai-quebec.org\\\/\",\"name\":\"Carrefour d&#039;action interculturelle\",\"description\":\"\",\"publisher\":{\"@id\":\"https:\\\/\\\/cai-quebec.org\\\/#organization\"},\"potentialAction\":[{\"@type\":\"SearchAction\",\"target\":{\"@type\":\"EntryPoint\",\"urlTemplate\":\"https:\\\/\\\/cai-quebec.org\\\/?s={search_term_string}\"},\"query-input\":{\"@type\":\"PropertyValueSpecification\",\"valueRequired\":true,\"valueName\":\"search_term_string\"}}],\"inLanguage\":\"es\"},{\"@type\":\"Organization\",\"@id\":\"https:\\\/\\\/cai-quebec.org\\\/#organization\",\"name\":\"Carrefour d&#039;action interculturelle\",\"url\":\"https:\\\/\\\/cai-quebec.org\\\/\",\"logo\":{\"@type\":\"ImageObject\",\"inLanguage\":\"es\",\"@id\":\"https:\\\/\\\/cai-quebec.org\\\/#\\\/schema\\\/logo\\\/image\\\/\",\"url\":\"https:\\\/\\\/cai-quebec.org\\\/wp-content\\\/uploads\\\/2023\\\/11\\\/CAI-logo-blanc.png\",\"contentUrl\":\"https:\\\/\\\/cai-quebec.org\\\/wp-content\\\/uploads\\\/2023\\\/11\\\/CAI-logo-blanc.png\",\"width\":100,\"height\":70,\"caption\":\"Carrefour d&#039;action interculturelle\"},\"image\":{\"@id\":\"https:\\\/\\\/cai-quebec.org\\\/#\\\/schema\\\/logo\\\/image\\\/\"}}]}<\/script>\n<!-- \/ Yoast SEO plugin. -->","yoast_head_json":{"title":"Actividades socioculturales - Carrefour d&#039;action interculturelle","robots":{"index":"index","follow":"follow","max-snippet":"max-snippet:-1","max-image-preview":"max-image-preview:large","max-video-preview":"max-video-preview:-1"},"canonical":"https:\/\/cai-quebec.org\/activites-socioculturelles\/","og_locale":"es_ES","og_type":"article","og_title":"Actividades socioculturales - Carrefour d&#039;action interculturelle","og_description":"Las actividades socioculturales favorecen la salida del aislamiento, el intercambio cultural y la socializaci\u00f3n. Las actividades propuestas est\u00e1n directamente relacionadas con las necesidades y los deseos expresados por los miembros de nuestra organizaci\u00f3n. En estas actividades, se valora la participaci\u00f3n de los quebequenses nativos, pero tambi\u00e9n la de quienes se han instalado recientemente en Quebec, [&hellip;]","og_url":"https:\/\/cai-quebec.org\/activites-socioculturelles\/","og_site_name":"Carrefour d&#039;action interculturelle","article_modified_time":"2023-12-14T13:32:44+00:00","twitter_card":"summary_large_image","schema":{"@context":"https:\/\/schema.org","@graph":[{"@type":"WebPage","@id":"https:\/\/cai-quebec.org\/activites-socioculturelles\/","url":"https:\/\/cai-quebec.org\/activites-socioculturelles\/","name":"Actividades socioculturales - Carrefour d&#039;action interculturelle","isPartOf":{"@id":"https:\/\/cai-quebec.org\/#website"},"datePublished":"2023-11-29T16:26:28+00:00","dateModified":"2023-12-14T13:32:44+00:00","breadcrumb":{"@id":"https:\/\/cai-quebec.org\/activites-socioculturelles\/#breadcrumb"},"inLanguage":"es","potentialAction":[{"@type":"ReadAction","target":["https:\/\/cai-quebec.org\/activites-socioculturelles\/"]}]},{"@type":"BreadcrumbList","@id":"https:\/\/cai-quebec.org\/activites-socioculturelles\/#breadcrumb","itemListElement":[{"@type":"ListItem","position":1,"name":"Accueil","item":"https:\/\/cai-quebec.org\/es\/"},{"@type":"ListItem","position":2,"name":"Actividades socioculturales"}]},{"@type":"WebSite","@id":"https:\/\/cai-quebec.org\/#website","url":"https:\/\/cai-quebec.org\/","name":"Carrefour d&#039;action interculturelle","description":"","publisher":{"@id":"https:\/\/cai-quebec.org\/#organization"},"potentialAction":[{"@type":"SearchAction","target":{"@type":"EntryPoint","urlTemplate":"https:\/\/cai-quebec.org\/?s={search_term_string}"},"query-input":{"@type":"PropertyValueSpecification","valueRequired":true,"valueName":"search_term_string"}}],"inLanguage":"es"},{"@type":"Organization","@id":"https:\/\/cai-quebec.org\/#organization","name":"Carrefour d&#039;action interculturelle","url":"https:\/\/cai-quebec.org\/","logo":{"@type":"ImageObject","inLanguage":"es","@id":"https:\/\/cai-quebec.org\/#\/schema\/logo\/image\/","url":"https:\/\/cai-quebec.org\/wp-content\/uploads\/2023\/11\/CAI-logo-blanc.png","contentUrl":"https:\/\/cai-quebec.org\/wp-content\/uploads\/2023\/11\/CAI-logo-blanc.png","width":100,"height":70,"caption":"Carrefour d&#039;action interculturelle"},"image":{"@id":"https:\/\/cai-quebec.org\/#\/schema\/logo\/image\/"}}]}},"_links":{"self":[{"href":"https:\/\/cai-quebec.org\/es\/wp-json\/wp\/v2\/pages\/1310","targetHints":{"allow":["GET"]}}],"collection":[{"href":"https:\/\/cai-quebec.org\/es\/wp-json\/wp\/v2\/pages"}],"about":[{"href":"https:\/\/cai-quebec.org\/es\/wp-json\/wp\/v2\/types\/page"}],"author":[{"embeddable":true,"href":"https:\/\/cai-quebec.org\/es\/wp-json\/wp\/v2\/users\/2"}],"replies":[{"embeddable":true,"href":"https:\/\/cai-quebec.org\/es\/wp-json\/wp\/v2\/comments?post=1310"}],"version-history":[{"count":1,"href":"https:\/\/cai-quebec.org\/es\/wp-json\/wp\/v2\/pages\/1310\/revisions"}],"predecessor-version":[{"id":1311,"href":"https:\/\/cai-quebec.org\/es\/wp-json\/wp\/v2\/pages\/1310\/revisions\/1311"}],"wp:attachment":[{"href":"https:\/\/cai-quebec.org\/es\/wp-json\/wp\/v2\/media?parent=1310"}],"curies":[{"name":"wp","href":"https:\/\/api.w.org\/{rel}","templated":true}]}}