{"id":1308,"date":"2023-11-29T11:16:01","date_gmt":"2023-11-29T16:16:01","guid":{"rendered":"https:\/\/dev24.devconceptionwm.com\/acompanamiento-personalizado\/"},"modified":"2024-01-24T11:13:05","modified_gmt":"2024-01-24T16:13:05","slug":"acompanamiento-personalizado","status":"publish","type":"page","link":"https:\/\/cai-quebec.org\/es\/acompanamiento-personalizado\/","title":{"rendered":"Acompa\u00f1amiento personalizado"},"content":{"rendered":"\t\t<div data-elementor-type=\"wp-page\" data-elementor-id=\"1308\" class=\"elementor elementor-1308 elementor-679\" data-elementor-post-type=\"page\">\n\t\t\t\t<div class=\"elementor-element elementor-element-6c8747e e-flex e-con-boxed e-con e-parent\" data-id=\"6c8747e\" data-element_type=\"container\" data-e-type=\"container\">\n\t\t\t\t\t<div class=\"e-con-inner\">\n\t\t<div class=\"elementor-element elementor-element-d31461c e-con-full e-flex e-con e-child\" data-id=\"d31461c\" data-element_type=\"container\" data-e-type=\"container\">\n\t\t\t\t<div class=\"elementor-element elementor-element-966ce73 elementor-widget elementor-widget-text-editor\" data-id=\"966ce73\" data-element_type=\"widget\" data-e-type=\"widget\" data-widget_type=\"text-editor.default\">\n\t\t\t\t<div class=\"elementor-widget-container\">\n\t\t\t\t\t\t\t\t\t<\/p>\n<p>El Carrefour d\u2019Action Interculturelle (CAI) ofrece intervenciones flexibles y de acercamiento a l@s inmigrantes bajo cualquier categor\u00eda migratoria. Esta ayuda puede adoptar diversas formas y responder a una multitud de necesidades: apoyo en la b\u00fasqueda de bienes materiales, recomendaci\u00f3n a recursos comunitarios, apoyo psicosocial, apoyo en la regularizaci\u00f3n de la situaci\u00f3n migratoria, etc.<\/p>\n<p>Este tipo de intervenci\u00f3n de proximidad corresponde a los valores fundamentales de nuestra organizaci\u00f3n. Priorizamos la inclusi\u00f3n de la persona en el proceso de integraci\u00f3n y el desarrollo de su autonom\u00eda en su nuevo lugar de vida. Como las necesidades pueden variar seg\u00fan las personas, el proceso de apoyo se adapta y se personaliza a la realidad de cada quien.<\/p>\n\t\t\t\t\t\t\t\t<\/div>\n\t\t\t\t<\/div>\n\t\t\t\t<\/div>\n\t\t<div class=\"elementor-element elementor-element-2bb68be e-con-full e-flex e-con e-child\" data-id=\"2bb68be\" data-element_type=\"container\" data-e-type=\"container\">\n\t\t\t\t<\/div>\n\t\t\t\t\t<\/div>\n\t\t\t\t<\/div>\n\t\t<div class=\"elementor-element elementor-element-c5c9eba e-flex e-con-boxed e-con e-parent\" data-id=\"c5c9eba\" data-element_type=\"container\" data-e-type=\"container\" data-settings=\"{&quot;background_background&quot;:&quot;classic&quot;,&quot;shape_divider_top&quot;:&quot;mountains&quot;}\">\n\t\t\t\t\t<div class=\"e-con-inner\">\n\t\t\t\t<div class=\"elementor-shape elementor-shape-top\" aria-hidden=\"true\" data-negative=\"false\">\n\t\t\t<svg xmlns=\"http:\/\/www.w3.org\/2000\/svg\" viewBox=\"0 0 1000 100\" preserveAspectRatio=\"none\">\n\t<path class=\"elementor-shape-fill\" opacity=\"0.33\" d=\"M473,67.3c-203.9,88.3-263.1-34-320.3,0C66,119.1,0,59.7,0,59.7V0h1000v59.7 c0,0-62.1,26.1-94.9,29.3c-32.8,3.3-62.8-12.3-75.8-22.1C806,49.6,745.3,8.7,694.9,4.7S492.4,59,473,67.3z\"\/>\n\t<path class=\"elementor-shape-fill\" opacity=\"0.66\" d=\"M734,67.3c-45.5,0-77.2-23.2-129.1-39.1c-28.6-8.7-150.3-10.1-254,39.1 s-91.7-34.4-149.2,0C115.7,118.3,0,39.8,0,39.8V0h1000v36.5c0,0-28.2-18.5-92.1-18.5C810.2,18.1,775.7,67.3,734,67.3z\"\/>\n\t<path class=\"elementor-shape-fill\" d=\"M766.1,28.9c-200-57.5-266,65.5-395.1,19.5C242,1.8,242,5.4,184.8,20.6C128,35.8,132.3,44.9,89.9,52.5C28.6,63.7,0,0,0,0 h1000c0,0-9.9,40.9-83.6,48.1S829.6,47,766.1,28.9z\"\/>\n<\/svg>\t\t<\/div>\n\t\t<div class=\"elementor-element elementor-element-5b794c2 e-con-full e-flex e-con e-child\" data-id=\"5b794c2\" data-element_type=\"container\" data-e-type=\"container\">\n\t\t\t\t<div class=\"elementor-element elementor-element-696f779 elementor-widget elementor-widget-testimonial\" data-id=\"696f779\" data-element_type=\"widget\" data-e-type=\"widget\" data-widget_type=\"testimonial.default\">\n\t\t\t\t<div class=\"elementor-widget-container\">\n\t\t\t\t\t\t\t<div class=\"elementor-testimonial-wrapper\">\n\t\t\t\t\t\t\t<div class=\"elementor-testimonial-content\"><p>\"Los tipos de apoyo que recib\u00ed fueron, de hecho, material y alimentario [...] Pero, de hecho, me niego a decir que la CAI \u00fanicamente proporcion\u00f3 apoyo material o financiero. El CAI ya me ha mostrado que he llegado a un pa\u00eds donde hay gente que se preocupa por el bienestar de la persona.\"<\/p>\n<\/div>\n\t\t\t\n\t\t\t\t\t\t<div class=\"elementor-testimonial-meta\">\n\t\t\t\t<div class=\"elementor-testimonial-meta-inner\">\n\t\t\t\t\t\n\t\t\t\t\t\t\t\t\t\t<div class=\"elementor-testimonial-details\">\n\t\t\t\t\t\t\t\t\t\t\t\t\t\t<div class=\"elementor-testimonial-name\">Nadia<\/div>\n\t\t\t\t\t\t\t\t\t\t\t\t\t\t\t\t\t\t\t\t\t\t<div class=\"elementor-testimonial-job\">(nombre ficticio)<\/div>\n\t\t\t\t\t\t\t\t\t\t\t\t\t<\/div>\n\t\t\t\t\t\t\t\t\t<\/div>\n\t\t\t<\/div>\n\t\t\t\t\t<\/div>\n\t\t\t\t\t\t<\/div>\n\t\t\t\t<\/div>\n\t\t\t\t<\/div>\n\t\t\t\t<div class=\"elementor-element elementor-element-e34eee7 elementor-widget__width-initial elementor-widget-tablet__width-initial elementor-widget-mobile__width-initial elementor-widget elementor-widget-image\" data-id=\"e34eee7\" data-element_type=\"widget\" data-e-type=\"widget\" data-widget_type=\"image.default\">\n\t\t\t\t<div class=\"elementor-widget-container\">\n\t\t\t\t\t\t\t\t\t\t\t\t\t\t\t<img fetchpriority=\"high\" decoding=\"async\" width=\"768\" height=\"598\" src=\"https:\/\/cai-quebec.org\/wp-content\/uploads\/2023\/11\/Copie-de-DSC_0370-768x598-1.jpg\" class=\"attachment-large size-large wp-image-1093\" alt=\"Accompagnement individualis\u00e9\" srcset=\"https:\/\/cai-quebec.org\/wp-content\/uploads\/2023\/11\/Copie-de-DSC_0370-768x598-1.jpg 768w, https:\/\/cai-quebec.org\/wp-content\/uploads\/2023\/11\/Copie-de-DSC_0370-768x598-1-300x234.jpg 300w\" sizes=\"(max-width: 768px) 100vw, 768px\" \/>\t\t\t\t\t\t\t\t\t\t\t\t\t\t\t<\/div>\n\t\t\t\t<\/div>\n\t\t\t\t\t<\/div>\n\t\t\t\t<\/div>\n\t\t\t\t<\/div>\n\t\t","protected":false},"excerpt":{"rendered":"<p>El Carrefour d\u2019Action Interculturelle (CAI) ofrece intervenciones flexibles y de acercamiento a l@s inmigrantes bajo cualquier categor\u00eda migratoria. Esta ayuda puede adoptar diversas formas y responder a una multitud de necesidades: apoyo en la b\u00fasqueda de bienes materiales, recomendaci\u00f3n a recursos comunitarios, apoyo psicosocial, apoyo en la regularizaci\u00f3n de la situaci\u00f3n migratoria, etc. Este tipo [&hellip;]<\/p>\n","protected":false},"author":2,"featured_media":0,"parent":0,"menu_order":0,"comment_status":"closed","ping_status":"closed","template":"","meta":{"_acf_changed":false,"footnotes":""},"class_list":["post-1308","page","type-page","status-publish","hentry"],"acf":[],"yoast_head":"<!-- This site is optimized with the Yoast SEO plugin v27.5 - https:\/\/yoast.com\/product\/yoast-seo-wordpress\/ -->\n<title>Acompa\u00f1amiento personalizado - Carrefour d&#039;action interculturelle<\/title>\n<meta name=\"robots\" content=\"index, follow, max-snippet:-1, max-image-preview:large, max-video-preview:-1\" \/>\n<link rel=\"canonical\" href=\"https:\/\/cai-quebec.org\/accompagnement-individualise\/\" \/>\n<meta property=\"og:locale\" content=\"es_ES\" \/>\n<meta property=\"og:type\" content=\"article\" \/>\n<meta property=\"og:title\" content=\"Acompa\u00f1amiento personalizado - Carrefour d&#039;action interculturelle\" \/>\n<meta property=\"og:description\" content=\"El Carrefour d\u2019Action Interculturelle (CAI) ofrece intervenciones flexibles y de acercamiento a l@s inmigrantes bajo cualquier categor\u00eda migratoria. Esta ayuda puede adoptar diversas formas y responder a una multitud de necesidades: apoyo en la b\u00fasqueda de bienes materiales, recomendaci\u00f3n a recursos comunitarios, apoyo psicosocial, apoyo en la regularizaci\u00f3n de la situaci\u00f3n migratoria, etc. Este tipo [&hellip;]\" \/>\n<meta property=\"og:url\" content=\"https:\/\/cai-quebec.org\/accompagnement-individualise\/\" \/>\n<meta property=\"og:site_name\" content=\"Carrefour d&#039;action interculturelle\" \/>\n<meta property=\"article:modified_time\" content=\"2024-01-24T16:13:05+00:00\" \/>\n<meta property=\"og:image\" content=\"https:\/\/dev24.devconceptionwm.com\/wp-content\/uploads\/2023\/11\/Copie-de-DSC_0370-768x598-1.jpg\" \/>\n<meta name=\"twitter:card\" content=\"summary_large_image\" \/>\n<meta name=\"twitter:label1\" content=\"Tiempo de lectura\" \/>\n\t<meta name=\"twitter:data1\" content=\"1 minuto\" \/>\n<script type=\"application\/ld+json\" class=\"yoast-schema-graph\">{\"@context\":\"https:\\\/\\\/schema.org\",\"@graph\":[{\"@type\":\"WebPage\",\"@id\":\"https:\\\/\\\/cai-quebec.org\\\/accompagnement-individualise\\\/\",\"url\":\"https:\\\/\\\/cai-quebec.org\\\/accompagnement-individualise\\\/\",\"name\":\"Acompa\u00f1amiento personalizado - Carrefour d&#039;action interculturelle\",\"isPartOf\":{\"@id\":\"https:\\\/\\\/cai-quebec.org\\\/#website\"},\"primaryImageOfPage\":{\"@id\":\"https:\\\/\\\/cai-quebec.org\\\/accompagnement-individualise\\\/#primaryimage\"},\"image\":{\"@id\":\"https:\\\/\\\/cai-quebec.org\\\/accompagnement-individualise\\\/#primaryimage\"},\"thumbnailUrl\":\"https:\\\/\\\/dev24.devconceptionwm.com\\\/wp-content\\\/uploads\\\/2023\\\/11\\\/Copie-de-DSC_0370-768x598-1.jpg\",\"datePublished\":\"2023-11-29T16:16:01+00:00\",\"dateModified\":\"2024-01-24T16:13:05+00:00\",\"breadcrumb\":{\"@id\":\"https:\\\/\\\/cai-quebec.org\\\/accompagnement-individualise\\\/#breadcrumb\"},\"inLanguage\":\"es\",\"potentialAction\":[{\"@type\":\"ReadAction\",\"target\":[\"https:\\\/\\\/cai-quebec.org\\\/accompagnement-individualise\\\/\"]}]},{\"@type\":\"ImageObject\",\"inLanguage\":\"es\",\"@id\":\"https:\\\/\\\/cai-quebec.org\\\/accompagnement-individualise\\\/#primaryimage\",\"url\":\"https:\\\/\\\/dev24.devconceptionwm.com\\\/wp-content\\\/uploads\\\/2023\\\/11\\\/Copie-de-DSC_0370-768x598-1.jpg\",\"contentUrl\":\"https:\\\/\\\/dev24.devconceptionwm.com\\\/wp-content\\\/uploads\\\/2023\\\/11\\\/Copie-de-DSC_0370-768x598-1.jpg\"},{\"@type\":\"BreadcrumbList\",\"@id\":\"https:\\\/\\\/cai-quebec.org\\\/accompagnement-individualise\\\/#breadcrumb\",\"itemListElement\":[{\"@type\":\"ListItem\",\"position\":1,\"name\":\"Accueil\",\"item\":\"https:\\\/\\\/cai-quebec.org\\\/es\\\/\"},{\"@type\":\"ListItem\",\"position\":2,\"name\":\"Acompa\u00f1amiento personalizado\"}]},{\"@type\":\"WebSite\",\"@id\":\"https:\\\/\\\/cai-quebec.org\\\/#website\",\"url\":\"https:\\\/\\\/cai-quebec.org\\\/\",\"name\":\"Carrefour d&#039;action interculturelle\",\"description\":\"\",\"publisher\":{\"@id\":\"https:\\\/\\\/cai-quebec.org\\\/#organization\"},\"potentialAction\":[{\"@type\":\"SearchAction\",\"target\":{\"@type\":\"EntryPoint\",\"urlTemplate\":\"https:\\\/\\\/cai-quebec.org\\\/?s={search_term_string}\"},\"query-input\":{\"@type\":\"PropertyValueSpecification\",\"valueRequired\":true,\"valueName\":\"search_term_string\"}}],\"inLanguage\":\"es\"},{\"@type\":\"Organization\",\"@id\":\"https:\\\/\\\/cai-quebec.org\\\/#organization\",\"name\":\"Carrefour d&#039;action interculturelle\",\"url\":\"https:\\\/\\\/cai-quebec.org\\\/\",\"logo\":{\"@type\":\"ImageObject\",\"inLanguage\":\"es\",\"@id\":\"https:\\\/\\\/cai-quebec.org\\\/#\\\/schema\\\/logo\\\/image\\\/\",\"url\":\"https:\\\/\\\/cai-quebec.org\\\/wp-content\\\/uploads\\\/2023\\\/11\\\/CAI-logo-blanc.png\",\"contentUrl\":\"https:\\\/\\\/cai-quebec.org\\\/wp-content\\\/uploads\\\/2023\\\/11\\\/CAI-logo-blanc.png\",\"width\":100,\"height\":70,\"caption\":\"Carrefour d&#039;action interculturelle\"},\"image\":{\"@id\":\"https:\\\/\\\/cai-quebec.org\\\/#\\\/schema\\\/logo\\\/image\\\/\"}}]}<\/script>\n<!-- \/ Yoast SEO plugin. -->","yoast_head_json":{"title":"Acompa\u00f1amiento personalizado - Carrefour d&#039;action interculturelle","robots":{"index":"index","follow":"follow","max-snippet":"max-snippet:-1","max-image-preview":"max-image-preview:large","max-video-preview":"max-video-preview:-1"},"canonical":"https:\/\/cai-quebec.org\/accompagnement-individualise\/","og_locale":"es_ES","og_type":"article","og_title":"Acompa\u00f1amiento personalizado - Carrefour d&#039;action interculturelle","og_description":"El Carrefour d\u2019Action Interculturelle (CAI) ofrece intervenciones flexibles y de acercamiento a l@s inmigrantes bajo cualquier categor\u00eda migratoria. Esta ayuda puede adoptar diversas formas y responder a una multitud de necesidades: apoyo en la b\u00fasqueda de bienes materiales, recomendaci\u00f3n a recursos comunitarios, apoyo psicosocial, apoyo en la regularizaci\u00f3n de la situaci\u00f3n migratoria, etc. Este tipo [&hellip;]","og_url":"https:\/\/cai-quebec.org\/accompagnement-individualise\/","og_site_name":"Carrefour d&#039;action interculturelle","article_modified_time":"2024-01-24T16:13:05+00:00","og_image":[{"url":"https:\/\/dev24.devconceptionwm.com\/wp-content\/uploads\/2023\/11\/Copie-de-DSC_0370-768x598-1.jpg","type":"","width":"","height":""}],"twitter_card":"summary_large_image","twitter_misc":{"Tiempo de lectura":"1 minuto"},"schema":{"@context":"https:\/\/schema.org","@graph":[{"@type":"WebPage","@id":"https:\/\/cai-quebec.org\/accompagnement-individualise\/","url":"https:\/\/cai-quebec.org\/accompagnement-individualise\/","name":"Acompa\u00f1amiento personalizado - Carrefour d&#039;action interculturelle","isPartOf":{"@id":"https:\/\/cai-quebec.org\/#website"},"primaryImageOfPage":{"@id":"https:\/\/cai-quebec.org\/accompagnement-individualise\/#primaryimage"},"image":{"@id":"https:\/\/cai-quebec.org\/accompagnement-individualise\/#primaryimage"},"thumbnailUrl":"https:\/\/dev24.devconceptionwm.com\/wp-content\/uploads\/2023\/11\/Copie-de-DSC_0370-768x598-1.jpg","datePublished":"2023-11-29T16:16:01+00:00","dateModified":"2024-01-24T16:13:05+00:00","breadcrumb":{"@id":"https:\/\/cai-quebec.org\/accompagnement-individualise\/#breadcrumb"},"inLanguage":"es","potentialAction":[{"@type":"ReadAction","target":["https:\/\/cai-quebec.org\/accompagnement-individualise\/"]}]},{"@type":"ImageObject","inLanguage":"es","@id":"https:\/\/cai-quebec.org\/accompagnement-individualise\/#primaryimage","url":"https:\/\/dev24.devconceptionwm.com\/wp-content\/uploads\/2023\/11\/Copie-de-DSC_0370-768x598-1.jpg","contentUrl":"https:\/\/dev24.devconceptionwm.com\/wp-content\/uploads\/2023\/11\/Copie-de-DSC_0370-768x598-1.jpg"},{"@type":"BreadcrumbList","@id":"https:\/\/cai-quebec.org\/accompagnement-individualise\/#breadcrumb","itemListElement":[{"@type":"ListItem","position":1,"name":"Accueil","item":"https:\/\/cai-quebec.org\/es\/"},{"@type":"ListItem","position":2,"name":"Acompa\u00f1amiento personalizado"}]},{"@type":"WebSite","@id":"https:\/\/cai-quebec.org\/#website","url":"https:\/\/cai-quebec.org\/","name":"Carrefour d&#039;action interculturelle","description":"","publisher":{"@id":"https:\/\/cai-quebec.org\/#organization"},"potentialAction":[{"@type":"SearchAction","target":{"@type":"EntryPoint","urlTemplate":"https:\/\/cai-quebec.org\/?s={search_term_string}"},"query-input":{"@type":"PropertyValueSpecification","valueRequired":true,"valueName":"search_term_string"}}],"inLanguage":"es"},{"@type":"Organization","@id":"https:\/\/cai-quebec.org\/#organization","name":"Carrefour d&#039;action interculturelle","url":"https:\/\/cai-quebec.org\/","logo":{"@type":"ImageObject","inLanguage":"es","@id":"https:\/\/cai-quebec.org\/#\/schema\/logo\/image\/","url":"https:\/\/cai-quebec.org\/wp-content\/uploads\/2023\/11\/CAI-logo-blanc.png","contentUrl":"https:\/\/cai-quebec.org\/wp-content\/uploads\/2023\/11\/CAI-logo-blanc.png","width":100,"height":70,"caption":"Carrefour d&#039;action interculturelle"},"image":{"@id":"https:\/\/cai-quebec.org\/#\/schema\/logo\/image\/"}}]}},"_links":{"self":[{"href":"https:\/\/cai-quebec.org\/es\/wp-json\/wp\/v2\/pages\/1308","targetHints":{"allow":["GET"]}}],"collection":[{"href":"https:\/\/cai-quebec.org\/es\/wp-json\/wp\/v2\/pages"}],"about":[{"href":"https:\/\/cai-quebec.org\/es\/wp-json\/wp\/v2\/types\/page"}],"author":[{"embeddable":true,"href":"https:\/\/cai-quebec.org\/es\/wp-json\/wp\/v2\/users\/2"}],"replies":[{"embeddable":true,"href":"https:\/\/cai-quebec.org\/es\/wp-json\/wp\/v2\/comments?post=1308"}],"version-history":[{"count":2,"href":"https:\/\/cai-quebec.org\/es\/wp-json\/wp\/v2\/pages\/1308\/revisions"}],"predecessor-version":[{"id":1582,"href":"https:\/\/cai-quebec.org\/es\/wp-json\/wp\/v2\/pages\/1308\/revisions\/1582"}],"wp:attachment":[{"href":"https:\/\/cai-quebec.org\/es\/wp-json\/wp\/v2\/media?parent=1308"}],"curies":[{"name":"wp","href":"https:\/\/api.w.org\/{rel}","templated":true}]}}