{"id":1306,"date":"2022-11-01T15:20:13","date_gmt":"2022-11-01T19:20:13","guid":{"rendered":"https:\/\/dev24.devconceptionwm.com\/inicio\/"},"modified":"2024-01-31T13:04:49","modified_gmt":"2024-01-31T18:04:49","slug":"inicio","status":"publish","type":"page","link":"https:\/\/cai-quebec.org\/es\/","title":{"rendered":"Inicio"},"content":{"rendered":"\t\t<div data-elementor-type=\"wp-page\" data-elementor-id=\"1306\" class=\"elementor elementor-1306 elementor-8\" data-elementor-post-type=\"page\">\n\t\t\t\t<div class=\"elementor-element elementor-element-c119dc9 e-flex e-con-boxed e-con e-parent\" data-id=\"c119dc9\" data-element_type=\"container\" data-e-type=\"container\">\n\t\t\t\t\t<div class=\"e-con-inner\">\n\t\t<div class=\"elementor-element elementor-element-5bdd5a6 e-con-full e-flex e-con e-child\" data-id=\"5bdd5a6\" data-element_type=\"container\" data-e-type=\"container\">\n\t\t\t\t<div class=\"elementor-element elementor-element-81bd9a1 elementor-widget elementor-widget-heading\" data-id=\"81bd9a1\" data-element_type=\"widget\" data-e-type=\"widget\" data-widget_type=\"heading.default\">\n\t\t\t\t<div class=\"elementor-widget-container\">\n\t\t\t\t\t<h2 class=\"elementor-heading-title elementor-size-default\">Le damos la bienvenida al Carrefour d\u2019Action Interculturelle (CAI)<\/h2>\t\t\t\t<\/div>\n\t\t\t\t<\/div>\n\t\t\t\t<div class=\"elementor-element elementor-element-60e3aea elementor-widget elementor-widget-heading\" data-id=\"60e3aea\" data-element_type=\"widget\" data-e-type=\"widget\" data-widget_type=\"heading.default\">\n\t\t\t\t<div class=\"elementor-widget-container\">\n\t\t\t\t\t<h4 class=\"elementor-heading-title elementor-size-default\">Recibimiento y apoyo adaptados a sus necesidades<\/h4>\t\t\t\t<\/div>\n\t\t\t\t<\/div>\n\t\t\t\t<div class=\"elementor-element elementor-element-fad8a38 elementor-widget elementor-widget-text-editor\" data-id=\"fad8a38\" data-element_type=\"widget\" data-e-type=\"widget\" data-widget_type=\"text-editor.default\">\n\t\t\t\t<div class=\"elementor-widget-container\">\n\t\t\t\t\t\t\t\t\t<p>El Carrefour d\u2019Action Interculturelle (CAI) es una organizaci\u00f3n sin fines de lucro de la ciudad de Quebec<\/p>\n<p>que acoge y apoya a las personas reci\u00e9n llegadas sin importar su estatus migratorio, ofreci\u00e9ndoles acompa\u00f1amiento personalizado, actividades socioculturales y proyectos de sensibilizaci\u00f3n.<\/p>\n<p>Todos los servicios y actividades propuestos se basan en las necesidades y los retos expresados por nuestros miembros. Trabajamos en colaboraci\u00f3n con otros organismos de inmigraci\u00f3n de la Ciudad de Quebec.<\/p>\n\t\t\t\t\t\t\t\t<\/div>\n\t\t\t\t<\/div>\n\t\t\t\t<\/div>\n\t\t<div class=\"elementor-element elementor-element-3b9ad88 e-con-full e-flex e-con e-child\" data-id=\"3b9ad88\" data-element_type=\"container\" data-e-type=\"container\">\n\t\t\t\t<div class=\"elementor-element elementor-element-397f6f6 elementor-widget__width-initial elementor-widget-mobile__width-inherit elementor-widget-tablet__width-initial elementor-widget elementor-widget-image\" data-id=\"397f6f6\" data-element_type=\"widget\" data-e-type=\"widget\" data-widget_type=\"image.default\">\n\t\t\t\t<div class=\"elementor-widget-container\">\n\t\t\t\t\t\t\t\t\t\t\t\t\t\t\t<img fetchpriority=\"high\" decoding=\"async\" width=\"772\" height=\"772\" src=\"https:\/\/cai-quebec.org\/wp-content\/uploads\/2023\/11\/accueil.jpg\" class=\"attachment-large size-large wp-image-1081\" alt=\"Accueil\" srcset=\"https:\/\/cai-quebec.org\/wp-content\/uploads\/2023\/11\/accueil.jpg 772w, https:\/\/cai-quebec.org\/wp-content\/uploads\/2023\/11\/accueil-300x300.jpg 300w, https:\/\/cai-quebec.org\/wp-content\/uploads\/2023\/11\/accueil-150x150.jpg 150w, https:\/\/cai-quebec.org\/wp-content\/uploads\/2023\/11\/accueil-768x768.jpg 768w\" sizes=\"(max-width: 772px) 100vw, 772px\" \/>\t\t\t\t\t\t\t\t\t\t\t\t\t\t\t<\/div>\n\t\t\t\t<\/div>\n\t\t\t\t<\/div>\n\t\t\t\t\t<\/div>\n\t\t\t\t<\/div>\n\t\t<div class=\"elementor-element elementor-element-e52d076 e-flex e-con-boxed e-con e-parent\" data-id=\"e52d076\" data-element_type=\"container\" data-e-type=\"container\" data-settings=\"{&quot;background_background&quot;:&quot;classic&quot;}\">\n\t\t\t\t\t<div class=\"e-con-inner\">\n\t\t<div class=\"elementor-element elementor-element-9d33126 e-con-full e-flex e-con e-child\" data-id=\"9d33126\" data-element_type=\"container\" data-e-type=\"container\">\n\t\t\t\t<div class=\"elementor-element elementor-element-16fc4ff elementor-widget elementor-widget-heading\" data-id=\"16fc4ff\" data-element_type=\"widget\" data-e-type=\"widget\" data-widget_type=\"heading.default\">\n\t\t\t\t<div class=\"elementor-widget-container\">\n\t\t\t\t\t<h3 class=\"elementor-heading-title elementor-size-default\">Nuestros servicios<\/h3>\t\t\t\t<\/div>\n\t\t\t\t<\/div>\n\t\t\t\t<\/div>\n\t\t\t\t\t<\/div>\n\t\t\t\t<\/div>\n\t\t<div class=\"elementor-element elementor-element-6c4b053 e-flex e-con-boxed e-con e-parent\" data-id=\"6c4b053\" data-element_type=\"container\" data-e-type=\"container\" data-settings=\"{&quot;background_background&quot;:&quot;classic&quot;}\">\n\t\t\t\t\t<div class=\"e-con-inner\">\n\t\t<div class=\"elementor-element elementor-element-6775c95 e-con-full e-flex e-con e-child\" data-id=\"6775c95\" data-element_type=\"container\" data-e-type=\"container\">\n\t\t\t\t<div class=\"elementor-element elementor-element-1e6d5c6 elementor-widget elementor-widget-image\" data-id=\"1e6d5c6\" data-element_type=\"widget\" data-e-type=\"widget\" data-widget_type=\"image.default\">\n\t\t\t\t<div class=\"elementor-widget-container\">\n\t\t\t\t\t\t\t\t\t\t\t\t\t\t\t<img decoding=\"async\" width=\"200\" height=\"200\" src=\"https:\/\/cai-quebec.org\/wp-content\/uploads\/2023\/11\/indiv.png\" class=\"attachment-large size-large wp-image-1084\" alt=\"logo individu\" srcset=\"https:\/\/cai-quebec.org\/wp-content\/uploads\/2023\/11\/indiv.png 200w, https:\/\/cai-quebec.org\/wp-content\/uploads\/2023\/11\/indiv-150x150.png 150w\" sizes=\"(max-width: 200px) 100vw, 200px\" \/>\t\t\t\t\t\t\t\t\t\t\t\t\t\t\t<\/div>\n\t\t\t\t<\/div>\n\t\t\t\t<div class=\"elementor-element elementor-element-4e74442 elementor-widget elementor-widget-heading\" data-id=\"4e74442\" data-element_type=\"widget\" data-e-type=\"widget\" data-widget_type=\"heading.default\">\n\t\t\t\t<div class=\"elementor-widget-container\">\n\t\t\t\t\t<h5 class=\"elementor-heading-title elementor-size-default\"><a href=\"https:\/\/cai-quebec.org\/es\/acompanamiento-personalizado\/\">Acompa\u00f1amiento personalizado<\/a><\/h5>\t\t\t\t<\/div>\n\t\t\t\t<\/div>\n\t\t\t\t<\/div>\n\t\t<div class=\"elementor-element elementor-element-dc79ee1 e-con-full e-flex e-con e-child\" data-id=\"dc79ee1\" data-element_type=\"container\" data-e-type=\"container\">\n\t\t\t\t<div class=\"elementor-element elementor-element-3965c22 elementor-widget elementor-widget-image\" data-id=\"3965c22\" data-element_type=\"widget\" data-e-type=\"widget\" data-widget_type=\"image.default\">\n\t\t\t\t<div class=\"elementor-widget-container\">\n\t\t\t\t\t\t\t\t\t\t\t\t\t\t\t<img decoding=\"async\" width=\"200\" height=\"200\" src=\"https:\/\/cai-quebec.org\/wp-content\/uploads\/2023\/11\/socio.png\" class=\"attachment-large size-large wp-image-1082\" alt=\"logo socio\" srcset=\"https:\/\/cai-quebec.org\/wp-content\/uploads\/2023\/11\/socio.png 200w, https:\/\/cai-quebec.org\/wp-content\/uploads\/2023\/11\/socio-150x150.png 150w\" sizes=\"(max-width: 200px) 100vw, 200px\" \/>\t\t\t\t\t\t\t\t\t\t\t\t\t\t\t<\/div>\n\t\t\t\t<\/div>\n\t\t\t\t<div class=\"elementor-element elementor-element-6826807 elementor-widget elementor-widget-heading\" data-id=\"6826807\" data-element_type=\"widget\" data-e-type=\"widget\" data-widget_type=\"heading.default\">\n\t\t\t\t<div class=\"elementor-widget-container\">\n\t\t\t\t\t<h5 class=\"elementor-heading-title elementor-size-default\"><a href=\"https:\/\/cai-quebec.org\/es\/actividades-socioculturales\/\">Actividades socioculturales<\/a><\/h5>\t\t\t\t<\/div>\n\t\t\t\t<\/div>\n\t\t\t\t<\/div>\n\t\t<div class=\"elementor-element elementor-element-e7ef51f e-con-full e-flex e-con e-child\" data-id=\"e7ef51f\" data-element_type=\"container\" data-e-type=\"container\">\n\t\t\t\t<div class=\"elementor-element elementor-element-575f482 elementor-widget elementor-widget-image\" data-id=\"575f482\" data-element_type=\"widget\" data-e-type=\"widget\" data-widget_type=\"image.default\">\n\t\t\t\t<div class=\"elementor-widget-container\">\n\t\t\t\t\t\t\t\t\t\t\t\t\t\t\t<img loading=\"lazy\" decoding=\"async\" width=\"200\" height=\"200\" src=\"https:\/\/cai-quebec.org\/wp-content\/uploads\/2023\/11\/sensi.png\" class=\"attachment-large size-large wp-image-1083\" alt=\"logo sensi\" srcset=\"https:\/\/cai-quebec.org\/wp-content\/uploads\/2023\/11\/sensi.png 200w, https:\/\/cai-quebec.org\/wp-content\/uploads\/2023\/11\/sensi-150x150.png 150w\" sizes=\"(max-width: 200px) 100vw, 200px\" \/>\t\t\t\t\t\t\t\t\t\t\t\t\t\t\t<\/div>\n\t\t\t\t<\/div>\n\t\t\t\t<div class=\"elementor-element elementor-element-7136b68 elementor-widget elementor-widget-heading\" data-id=\"7136b68\" data-element_type=\"widget\" data-e-type=\"widget\" data-widget_type=\"heading.default\">\n\t\t\t\t<div class=\"elementor-widget-container\">\n\t\t\t\t\t<h5 class=\"elementor-heading-title elementor-size-default\"><a href=\"https:\/\/cai-quebec.org\/es\/proyectos-de-sensibilizacion\/\">Proyectos de sensibilizaci\u00f3n<\/a><\/h5>\t\t\t\t<\/div>\n\t\t\t\t<\/div>\n\t\t\t\t<\/div>\n\t\t<div class=\"elementor-element elementor-element-44c5b8a e-con-full e-flex e-con e-child\" data-id=\"44c5b8a\" data-element_type=\"container\" data-e-type=\"container\">\n\t\t\t\t<div class=\"elementor-element elementor-element-1283351 elementor-widget elementor-widget-image\" data-id=\"1283351\" data-element_type=\"widget\" data-e-type=\"widget\" data-widget_type=\"image.default\">\n\t\t\t\t<div class=\"elementor-widget-container\">\n\t\t\t\t\t\t\t\t\t\t\t\t\t\t\t<img loading=\"lazy\" decoding=\"async\" width=\"800\" height=\"800\" src=\"https:\/\/cai-quebec.org\/wp-content\/uploads\/2023\/11\/calendrier-1024x1024.png\" class=\"attachment-large size-large wp-image-1085\" alt=\"logo calendrier\" srcset=\"https:\/\/cai-quebec.org\/wp-content\/uploads\/2023\/11\/calendrier-1024x1024.png 1024w, https:\/\/cai-quebec.org\/wp-content\/uploads\/2023\/11\/calendrier-300x300.png 300w, https:\/\/cai-quebec.org\/wp-content\/uploads\/2023\/11\/calendrier-150x150.png 150w, https:\/\/cai-quebec.org\/wp-content\/uploads\/2023\/11\/calendrier-768x768.png 768w, https:\/\/cai-quebec.org\/wp-content\/uploads\/2023\/11\/calendrier.png 1080w\" sizes=\"(max-width: 800px) 100vw, 800px\" \/>\t\t\t\t\t\t\t\t\t\t\t\t\t\t\t<\/div>\n\t\t\t\t<\/div>\n\t\t\t\t<div class=\"elementor-element elementor-element-23a1f6a elementor-widget elementor-widget-heading\" data-id=\"23a1f6a\" data-element_type=\"widget\" data-e-type=\"widget\" data-widget_type=\"heading.default\">\n\t\t\t\t<div class=\"elementor-widget-container\">\n\t\t\t\t\t<h5 class=\"elementor-heading-title elementor-size-default\"><a href=\"https:\/\/www.facebook.com\/carrefourdactioninterculturelle\/?ref=page_internal\">Calendario<\/a><\/h5>\t\t\t\t<\/div>\n\t\t\t\t<\/div>\n\t\t\t\t<\/div>\n\t\t\t\t\t<\/div>\n\t\t\t\t<\/div>\n\t\t<div class=\"elementor-element elementor-element-39577be e-flex e-con-boxed e-con e-parent\" data-id=\"39577be\" data-element_type=\"container\" data-e-type=\"container\" data-settings=\"{&quot;background_background&quot;:&quot;classic&quot;,&quot;shape_divider_top&quot;:&quot;mountains&quot;}\">\n\t\t\t\t\t<div class=\"e-con-inner\">\n\t\t\t\t<div class=\"elementor-shape elementor-shape-top\" aria-hidden=\"true\" data-negative=\"false\">\n\t\t\t<svg xmlns=\"http:\/\/www.w3.org\/2000\/svg\" viewBox=\"0 0 1000 100\" preserveAspectRatio=\"none\">\n\t<path class=\"elementor-shape-fill\" opacity=\"0.33\" d=\"M473,67.3c-203.9,88.3-263.1-34-320.3,0C66,119.1,0,59.7,0,59.7V0h1000v59.7 c0,0-62.1,26.1-94.9,29.3c-32.8,3.3-62.8-12.3-75.8-22.1C806,49.6,745.3,8.7,694.9,4.7S492.4,59,473,67.3z\"\/>\n\t<path class=\"elementor-shape-fill\" opacity=\"0.66\" d=\"M734,67.3c-45.5,0-77.2-23.2-129.1-39.1c-28.6-8.7-150.3-10.1-254,39.1 s-91.7-34.4-149.2,0C115.7,118.3,0,39.8,0,39.8V0h1000v36.5c0,0-28.2-18.5-92.1-18.5C810.2,18.1,775.7,67.3,734,67.3z\"\/>\n\t<path class=\"elementor-shape-fill\" d=\"M766.1,28.9c-200-57.5-266,65.5-395.1,19.5C242,1.8,242,5.4,184.8,20.6C128,35.8,132.3,44.9,89.9,52.5C28.6,63.7,0,0,0,0 h1000c0,0-9.9,40.9-83.6,48.1S829.6,47,766.1,28.9z\"\/>\n<\/svg>\t\t<\/div>\n\t\t<div class=\"elementor-element elementor-element-dbad01d e-con-full e-flex e-con e-child\" data-id=\"dbad01d\" data-element_type=\"container\" data-e-type=\"container\">\n\t\t\t\t<div class=\"elementor-element elementor-element-a23bde8 elementor-widget elementor-widget-testimonial\" data-id=\"a23bde8\" data-element_type=\"widget\" data-e-type=\"widget\" data-widget_type=\"testimonial.default\">\n\t\t\t\t<div class=\"elementor-widget-container\">\n\t\t\t\t\t\t\t<div class=\"elementor-testimonial-wrapper\">\n\t\t\t\t\t\t\t<div class=\"elementor-testimonial-content\"><p>\"Gracias por ofrecer este espacio para la palabra, el intercambio y el encuentro intercultural e intergeneracional\".<\/p>\n<\/div>\n\t\t\t\n\t\t\t\t\t\t<div class=\"elementor-testimonial-meta\">\n\t\t\t\t<div class=\"elementor-testimonial-meta-inner\">\n\t\t\t\t\t\n\t\t\t\t\t\t\t\t\t\t<div class=\"elementor-testimonial-details\">\n\t\t\t\t\t\t\t\t\t\t\t\t\t\t<div class=\"elementor-testimonial-name\">Justine<\/div>\n\t\t\t\t\t\t\t\t\t\t\t\t\t\t\t\t\t\t\t\t\t\t<div class=\"elementor-testimonial-job\">Voluntario y participante, sobre la actividad<br> Toutes diff\u00e9rentes, toutes \u00e9gales (TDTE)<\/div>\n\t\t\t\t\t\t\t\t\t\t\t\t\t<\/div>\n\t\t\t\t\t\t\t\t\t<\/div>\n\t\t\t<\/div>\n\t\t\t\t\t<\/div>\n\t\t\t\t\t\t<\/div>\n\t\t\t\t<\/div>\n\t\t\t\t<\/div>\n\t\t\t\t<div class=\"elementor-element elementor-element-17807a6 elementor-widget__width-initial elementor-widget-tablet__width-initial elementor-widget-mobile__width-initial elementor-widget elementor-widget-image\" data-id=\"17807a6\" data-element_type=\"widget\" data-e-type=\"widget\" data-widget_type=\"image.default\">\n\t\t\t\t<div class=\"elementor-widget-container\">\n\t\t\t\t\t\t\t\t\t\t\t\t\t\t\t<img loading=\"lazy\" decoding=\"async\" width=\"557\" height=\"455\" src=\"https:\/\/cai-quebec.org\/wp-content\/uploads\/2023\/11\/TDTE1-1.png\" class=\"attachment-large size-large wp-image-1086\" alt=\"Photos de groupe apr\u00e8s activit\u00e9\" srcset=\"https:\/\/cai-quebec.org\/wp-content\/uploads\/2023\/11\/TDTE1-1.png 557w, https:\/\/cai-quebec.org\/wp-content\/uploads\/2023\/11\/TDTE1-1-300x245.png 300w\" sizes=\"(max-width: 557px) 100vw, 557px\" \/>\t\t\t\t\t\t\t\t\t\t\t\t\t\t\t<\/div>\n\t\t\t\t<\/div>\n\t\t\t\t\t<\/div>\n\t\t\t\t<\/div>\n\t\t\t\t<\/div>\n\t\t","protected":false},"excerpt":{"rendered":"<p>Le damos la bienvenida al Carrefour d\u2019Action Interculturelle (CAI) Recibimiento y apoyo adaptados a sus necesidades El Carrefour d\u2019Action Interculturelle (CAI) es una organizaci\u00f3n sin fines de lucro de la ciudad de Quebec que acoge y apoya a las personas reci\u00e9n llegadas sin importar su estatus migratorio, ofreci\u00e9ndoles acompa\u00f1amiento personalizado, actividades socioculturales y proyectos de [&hellip;]<\/p>\n","protected":false},"author":1,"featured_media":0,"parent":0,"menu_order":0,"comment_status":"closed","ping_status":"closed","template":"","meta":{"_acf_changed":false,"footnotes":""},"class_list":["post-1306","page","type-page","status-publish","hentry"],"acf":[],"yoast_head":"<!-- This site is optimized with the Yoast SEO plugin v27.4 - https:\/\/yoast.com\/product\/yoast-seo-wordpress\/ -->\n<title>Inicio - Carrefour d&#039;action interculturelle<\/title>\n<meta name=\"robots\" content=\"index, follow, max-snippet:-1, max-image-preview:large, max-video-preview:-1\" \/>\n<link rel=\"canonical\" href=\"https:\/\/cai-quebec.org\/es\/\" \/>\n<meta property=\"og:locale\" content=\"es_ES\" \/>\n<meta property=\"og:type\" content=\"article\" \/>\n<meta property=\"og:title\" content=\"Inicio - Carrefour d&#039;action interculturelle\" \/>\n<meta property=\"og:description\" content=\"Le damos la bienvenida al Carrefour d\u2019Action Interculturelle (CAI) Recibimiento y apoyo adaptados a sus necesidades El Carrefour d\u2019Action Interculturelle (CAI) es una organizaci\u00f3n sin fines de lucro de la ciudad de Quebec que acoge y apoya a las personas reci\u00e9n llegadas sin importar su estatus migratorio, ofreci\u00e9ndoles acompa\u00f1amiento personalizado, actividades socioculturales y proyectos de [&hellip;]\" \/>\n<meta property=\"og:url\" content=\"https:\/\/cai-quebec.org\/es\/\" \/>\n<meta property=\"og:site_name\" content=\"Carrefour d&#039;action interculturelle\" \/>\n<meta property=\"article:modified_time\" content=\"2024-01-31T18:04:49+00:00\" \/>\n<meta property=\"og:image\" content=\"https:\/\/dev24.devconceptionwm.com\/wp-content\/uploads\/2023\/11\/accueil.jpg\" \/>\n<meta name=\"twitter:card\" content=\"summary_large_image\" \/>\n<meta name=\"twitter:label1\" content=\"Tiempo de lectura\" \/>\n\t<meta name=\"twitter:data1\" content=\"1 minuto\" \/>\n<script type=\"application\/ld+json\" class=\"yoast-schema-graph\">{\"@context\":\"https:\\\/\\\/schema.org\",\"@graph\":[{\"@type\":\"WebPage\",\"@id\":\"https:\\\/\\\/cai-quebec.org\\\/es\\\/\",\"url\":\"https:\\\/\\\/cai-quebec.org\\\/es\\\/\",\"name\":\"Inicio - Carrefour d&#039;action interculturelle\",\"isPartOf\":{\"@id\":\"https:\\\/\\\/cai-quebec.org\\\/#website\"},\"primaryImageOfPage\":{\"@id\":\"https:\\\/\\\/cai-quebec.org\\\/es\\\/#primaryimage\"},\"image\":{\"@id\":\"https:\\\/\\\/cai-quebec.org\\\/es\\\/#primaryimage\"},\"thumbnailUrl\":\"https:\\\/\\\/dev24.devconceptionwm.com\\\/wp-content\\\/uploads\\\/2023\\\/11\\\/accueil.jpg\",\"datePublished\":\"2022-11-01T19:20:13+00:00\",\"dateModified\":\"2024-01-31T18:04:49+00:00\",\"breadcrumb\":{\"@id\":\"https:\\\/\\\/cai-quebec.org\\\/es\\\/#breadcrumb\"},\"inLanguage\":\"es\",\"potentialAction\":[{\"@type\":\"ReadAction\",\"target\":[\"https:\\\/\\\/cai-quebec.org\\\/es\\\/\"]}]},{\"@type\":\"ImageObject\",\"inLanguage\":\"es\",\"@id\":\"https:\\\/\\\/cai-quebec.org\\\/es\\\/#primaryimage\",\"url\":\"https:\\\/\\\/dev24.devconceptionwm.com\\\/wp-content\\\/uploads\\\/2023\\\/11\\\/accueil.jpg\",\"contentUrl\":\"https:\\\/\\\/dev24.devconceptionwm.com\\\/wp-content\\\/uploads\\\/2023\\\/11\\\/accueil.jpg\"},{\"@type\":\"BreadcrumbList\",\"@id\":\"https:\\\/\\\/cai-quebec.org\\\/es\\\/#breadcrumb\",\"itemListElement\":[{\"@type\":\"ListItem\",\"position\":1,\"name\":\"Accueil\",\"item\":\"https:\\\/\\\/cai-quebec.org\\\/es\\\/\"},{\"@type\":\"ListItem\",\"position\":2,\"name\":\"Inicio\"}]},{\"@type\":\"WebSite\",\"@id\":\"https:\\\/\\\/cai-quebec.org\\\/#website\",\"url\":\"https:\\\/\\\/cai-quebec.org\\\/\",\"name\":\"Carrefour d&#039;action interculturelle\",\"description\":\"\",\"publisher\":{\"@id\":\"https:\\\/\\\/cai-quebec.org\\\/#organization\"},\"potentialAction\":[{\"@type\":\"SearchAction\",\"target\":{\"@type\":\"EntryPoint\",\"urlTemplate\":\"https:\\\/\\\/cai-quebec.org\\\/?s={search_term_string}\"},\"query-input\":{\"@type\":\"PropertyValueSpecification\",\"valueRequired\":true,\"valueName\":\"search_term_string\"}}],\"inLanguage\":\"es\"},{\"@type\":\"Organization\",\"@id\":\"https:\\\/\\\/cai-quebec.org\\\/#organization\",\"name\":\"Carrefour d&#039;action interculturelle\",\"url\":\"https:\\\/\\\/cai-quebec.org\\\/\",\"logo\":{\"@type\":\"ImageObject\",\"inLanguage\":\"es\",\"@id\":\"https:\\\/\\\/cai-quebec.org\\\/#\\\/schema\\\/logo\\\/image\\\/\",\"url\":\"https:\\\/\\\/cai-quebec.org\\\/wp-content\\\/uploads\\\/2023\\\/11\\\/CAI-logo-blanc.png\",\"contentUrl\":\"https:\\\/\\\/cai-quebec.org\\\/wp-content\\\/uploads\\\/2023\\\/11\\\/CAI-logo-blanc.png\",\"width\":100,\"height\":70,\"caption\":\"Carrefour d&#039;action interculturelle\"},\"image\":{\"@id\":\"https:\\\/\\\/cai-quebec.org\\\/#\\\/schema\\\/logo\\\/image\\\/\"}}]}<\/script>\n<!-- \/ Yoast SEO plugin. -->","yoast_head_json":{"title":"Inicio - Carrefour d&#039;action interculturelle","robots":{"index":"index","follow":"follow","max-snippet":"max-snippet:-1","max-image-preview":"max-image-preview:large","max-video-preview":"max-video-preview:-1"},"canonical":"https:\/\/cai-quebec.org\/es\/","og_locale":"es_ES","og_type":"article","og_title":"Inicio - Carrefour d&#039;action interculturelle","og_description":"Le damos la bienvenida al Carrefour d\u2019Action Interculturelle (CAI) Recibimiento y apoyo adaptados a sus necesidades El Carrefour d\u2019Action Interculturelle (CAI) es una organizaci\u00f3n sin fines de lucro de la ciudad de Quebec que acoge y apoya a las personas reci\u00e9n llegadas sin importar su estatus migratorio, ofreci\u00e9ndoles acompa\u00f1amiento personalizado, actividades socioculturales y proyectos de [&hellip;]","og_url":"https:\/\/cai-quebec.org\/es\/","og_site_name":"Carrefour d&#039;action interculturelle","article_modified_time":"2024-01-31T18:04:49+00:00","og_image":[{"url":"https:\/\/dev24.devconceptionwm.com\/wp-content\/uploads\/2023\/11\/accueil.jpg","type":"","width":"","height":""}],"twitter_card":"summary_large_image","twitter_misc":{"Tiempo de lectura":"1 minuto"},"schema":{"@context":"https:\/\/schema.org","@graph":[{"@type":"WebPage","@id":"https:\/\/cai-quebec.org\/es\/","url":"https:\/\/cai-quebec.org\/es\/","name":"Inicio - Carrefour d&#039;action interculturelle","isPartOf":{"@id":"https:\/\/cai-quebec.org\/#website"},"primaryImageOfPage":{"@id":"https:\/\/cai-quebec.org\/es\/#primaryimage"},"image":{"@id":"https:\/\/cai-quebec.org\/es\/#primaryimage"},"thumbnailUrl":"https:\/\/dev24.devconceptionwm.com\/wp-content\/uploads\/2023\/11\/accueil.jpg","datePublished":"2022-11-01T19:20:13+00:00","dateModified":"2024-01-31T18:04:49+00:00","breadcrumb":{"@id":"https:\/\/cai-quebec.org\/es\/#breadcrumb"},"inLanguage":"es","potentialAction":[{"@type":"ReadAction","target":["https:\/\/cai-quebec.org\/es\/"]}]},{"@type":"ImageObject","inLanguage":"es","@id":"https:\/\/cai-quebec.org\/es\/#primaryimage","url":"https:\/\/dev24.devconceptionwm.com\/wp-content\/uploads\/2023\/11\/accueil.jpg","contentUrl":"https:\/\/dev24.devconceptionwm.com\/wp-content\/uploads\/2023\/11\/accueil.jpg"},{"@type":"BreadcrumbList","@id":"https:\/\/cai-quebec.org\/es\/#breadcrumb","itemListElement":[{"@type":"ListItem","position":1,"name":"Accueil","item":"https:\/\/cai-quebec.org\/es\/"},{"@type":"ListItem","position":2,"name":"Inicio"}]},{"@type":"WebSite","@id":"https:\/\/cai-quebec.org\/#website","url":"https:\/\/cai-quebec.org\/","name":"Carrefour d&#039;action interculturelle","description":"","publisher":{"@id":"https:\/\/cai-quebec.org\/#organization"},"potentialAction":[{"@type":"SearchAction","target":{"@type":"EntryPoint","urlTemplate":"https:\/\/cai-quebec.org\/?s={search_term_string}"},"query-input":{"@type":"PropertyValueSpecification","valueRequired":true,"valueName":"search_term_string"}}],"inLanguage":"es"},{"@type":"Organization","@id":"https:\/\/cai-quebec.org\/#organization","name":"Carrefour d&#039;action interculturelle","url":"https:\/\/cai-quebec.org\/","logo":{"@type":"ImageObject","inLanguage":"es","@id":"https:\/\/cai-quebec.org\/#\/schema\/logo\/image\/","url":"https:\/\/cai-quebec.org\/wp-content\/uploads\/2023\/11\/CAI-logo-blanc.png","contentUrl":"https:\/\/cai-quebec.org\/wp-content\/uploads\/2023\/11\/CAI-logo-blanc.png","width":100,"height":70,"caption":"Carrefour d&#039;action interculturelle"},"image":{"@id":"https:\/\/cai-quebec.org\/#\/schema\/logo\/image\/"}}]}},"_links":{"self":[{"href":"https:\/\/cai-quebec.org\/es\/wp-json\/wp\/v2\/pages\/1306","targetHints":{"allow":["GET"]}}],"collection":[{"href":"https:\/\/cai-quebec.org\/es\/wp-json\/wp\/v2\/pages"}],"about":[{"href":"https:\/\/cai-quebec.org\/es\/wp-json\/wp\/v2\/types\/page"}],"author":[{"embeddable":true,"href":"https:\/\/cai-quebec.org\/es\/wp-json\/wp\/v2\/users\/1"}],"replies":[{"embeddable":true,"href":"https:\/\/cai-quebec.org\/es\/wp-json\/wp\/v2\/comments?post=1306"}],"version-history":[{"count":3,"href":"https:\/\/cai-quebec.org\/es\/wp-json\/wp\/v2\/pages\/1306\/revisions"}],"predecessor-version":[{"id":1687,"href":"https:\/\/cai-quebec.org\/es\/wp-json\/wp\/v2\/pages\/1306\/revisions\/1687"}],"wp:attachment":[{"href":"https:\/\/cai-quebec.org\/es\/wp-json\/wp\/v2\/media?parent=1306"}],"curies":[{"name":"wp","href":"https:\/\/api.w.org\/{rel}","templated":true}]}}