{"id":1294,"date":"2023-11-28T13:43:02","date_gmt":"2023-11-28T18:43:02","guid":{"rendered":"https:\/\/dev24.devconceptionwm.com\/partners\/"},"modified":"2024-01-29T11:11:51","modified_gmt":"2024-01-29T16:11:51","slug":"partners","status":"publish","type":"page","link":"https:\/\/cai-quebec.org\/en\/partners\/","title":{"rendered":"Partners"},"content":{"rendered":"\t\t<div data-elementor-type=\"wp-page\" data-elementor-id=\"1294\" class=\"elementor elementor-1294 elementor-540\" data-elementor-post-type=\"page\">\n\t\t\t\t<div class=\"elementor-element elementor-element-ce72206 e-flex e-con-boxed e-con e-parent\" data-id=\"ce72206\" data-element_type=\"container\" data-e-type=\"container\">\n\t\t\t\t\t<div class=\"e-con-inner\">\n\t\t<div class=\"elementor-element elementor-element-2ec2512 e-con-full e-flex e-con e-child\" data-id=\"2ec2512\" data-element_type=\"container\" data-e-type=\"container\">\n\t\t\t\t<div class=\"elementor-element elementor-element-c6bc4db elementor-widget elementor-widget-text-editor\" data-id=\"c6bc4db\" data-element_type=\"widget\" data-e-type=\"widget\" data-widget_type=\"text-editor.default\">\n\t\t\t\t<div class=\"elementor-widget-container\">\n\t\t\t\t\t\t\t\t\t<p>The activities of the Carrefour d\u2019Action Interculturelle (CAI) could not take place without the generous contribution of our financial partners. We would like to warmly thank, first, all our private donors, as well as:<\/p>\n\t\t\t\t\t\t\t\t<\/div>\n\t\t\t\t<\/div>\n\t\t\t\t<\/div>\n\t\t<div class=\"elementor-element elementor-element-0add525 e-con-full e-flex e-con e-child\" data-id=\"0add525\" data-element_type=\"container\" data-e-type=\"container\">\n\t\t\t\t<div class=\"elementor-element elementor-element-1cf62da elementor-widget elementor-widget-image\" data-id=\"1cf62da\" data-element_type=\"widget\" data-e-type=\"widget\" data-widget_type=\"image.default\">\n\t\t\t\t<div class=\"elementor-widget-container\">\n\t\t\t\t\t\t\t\t\t\t\t\t\t\t\t<img fetchpriority=\"high\" decoding=\"async\" width=\"800\" height=\"409\" src=\"https:\/\/cai-quebec.org\/wp-content\/uploads\/2024\/01\/DSC06004-1024x524.jpg\" class=\"attachment-large size-large wp-image-1405\" alt=\"No\u00ebl au CAI\" srcset=\"https:\/\/cai-quebec.org\/wp-content\/uploads\/2024\/01\/DSC06004-1024x524.jpg 1024w, https:\/\/cai-quebec.org\/wp-content\/uploads\/2024\/01\/DSC06004-300x154.jpg 300w, https:\/\/cai-quebec.org\/wp-content\/uploads\/2024\/01\/DSC06004-768x393.jpg 768w, https:\/\/cai-quebec.org\/wp-content\/uploads\/2024\/01\/DSC06004-1536x786.jpg 1536w, https:\/\/cai-quebec.org\/wp-content\/uploads\/2024\/01\/DSC06004-2048x1048.jpg 2048w\" sizes=\"(max-width: 800px) 100vw, 800px\" \/>\t\t\t\t\t\t\t\t\t\t\t\t\t\t\t<\/div>\n\t\t\t\t<\/div>\n\t\t\t\t<\/div>\n\t\t\t\t\t<\/div>\n\t\t\t\t<\/div>\n\t\t<div class=\"elementor-element elementor-element-7e099d2 e-flex e-con-boxed e-con e-parent\" data-id=\"7e099d2\" data-element_type=\"container\" data-e-type=\"container\">\n\t\t\t\t\t<div class=\"e-con-inner\">\n\t\t\t\t<div class=\"elementor-element elementor-element-fe49fae elementor-widget__width-initial elementor-widget elementor-widget-image\" data-id=\"fe49fae\" data-element_type=\"widget\" data-e-type=\"widget\" data-widget_type=\"image.default\">\n\t\t\t\t<div class=\"elementor-widget-container\">\n\t\t\t\t\t\t\t\t\t\t\t\t\t\t\t<img decoding=\"async\" width=\"300\" height=\"105\" src=\"https:\/\/cai-quebec.org\/wp-content\/uploads\/2023\/12\/quebecnonof-300x105-1.png\" class=\"attachment-large size-large wp-image-1234\" alt=\"Logo Qu\u00e9bec\" \/>\t\t\t\t\t\t\t\t\t\t\t\t\t\t\t<\/div>\n\t\t\t\t<\/div>\n\t\t\t\t<div class=\"elementor-element elementor-element-b1a23b5 elementor-widget__width-initial elementor-widget elementor-widget-image\" data-id=\"b1a23b5\" data-element_type=\"widget\" data-e-type=\"widget\" data-widget_type=\"image.default\">\n\t\t\t\t<div class=\"elementor-widget-container\">\n\t\t\t\t\t\t\t\t\t\t\t\t\t\t\t<img decoding=\"async\" width=\"268\" height=\"188\" src=\"https:\/\/cai-quebec.org\/wp-content\/uploads\/2023\/12\/canadalogo-e1706544037636.png\" class=\"attachment-large size-large wp-image-1236\" alt=\"Logo Canada\" \/>\t\t\t\t\t\t\t\t\t\t\t\t\t\t\t<\/div>\n\t\t\t\t<\/div>\n\t\t\t\t<div class=\"elementor-element elementor-element-b60a74c elementor-widget__width-initial elementor-widget elementor-widget-image\" data-id=\"b60a74c\" data-element_type=\"widget\" data-e-type=\"widget\" data-widget_type=\"image.default\">\n\t\t\t\t<div class=\"elementor-widget-container\">\n\t\t\t\t\t\t\t\t\t\t\t\t\t\t\t<img loading=\"lazy\" decoding=\"async\" width=\"254\" height=\"71\" src=\"https:\/\/cai-quebec.org\/wp-content\/uploads\/2023\/12\/Logo-Fondation-Jules-Dallaire.png\" class=\"attachment-large size-large wp-image-1238\" alt=\"Logo Fondation Famille Jules-Dallaire\" \/>\t\t\t\t\t\t\t\t\t\t\t\t\t\t\t<\/div>\n\t\t\t\t<\/div>\n\t\t\t\t<div class=\"elementor-element elementor-element-fb967cc elementor-widget__width-initial elementor-widget elementor-widget-image\" data-id=\"fb967cc\" data-element_type=\"widget\" data-e-type=\"widget\" data-widget_type=\"image.default\">\n\t\t\t\t<div class=\"elementor-widget-container\">\n\t\t\t\t\t\t\t\t\t\t\t\t\t\t\t<img loading=\"lazy\" decoding=\"async\" width=\"137\" height=\"111\" src=\"https:\/\/cai-quebec.org\/wp-content\/uploads\/2023\/12\/Fsaisonnouvelle.png\" class=\"attachment-large size-large wp-image-1240\" alt=\"Logo fondation Saison Nouvelle\" \/>\t\t\t\t\t\t\t\t\t\t\t\t\t\t\t<\/div>\n\t\t\t\t<\/div>\n\t\t\t\t<div class=\"elementor-element elementor-element-dd40a3b elementor-widget__width-initial elementor-widget elementor-widget-image\" data-id=\"dd40a3b\" data-element_type=\"widget\" data-e-type=\"widget\" data-widget_type=\"image.default\">\n\t\t\t\t<div class=\"elementor-widget-container\">\n\t\t\t\t\t\t\t\t\t\t\t\t\t\t\t<img loading=\"lazy\" decoding=\"async\" width=\"130\" height=\"130\" src=\"https:\/\/cai-quebec.org\/wp-content\/uploads\/2023\/12\/tdnonoffi-p65jhb4890ewp2ef0m5pa2rvkdprzko45kya259zmc.png\" class=\"attachment-large size-large wp-image-1242\" alt=\"Logo TDnonofi\" \/>\t\t\t\t\t\t\t\t\t\t\t\t\t\t\t<\/div>\n\t\t\t\t<\/div>\n\t\t\t\t<div class=\"elementor-element elementor-element-03dd286 elementor-widget__width-initial elementor-widget elementor-widget-image\" data-id=\"03dd286\" data-element_type=\"widget\" data-e-type=\"widget\" data-widget_type=\"image.default\">\n\t\t\t\t<div class=\"elementor-widget-container\">\n\t\t\t\t\t\t\t\t\t\t\t\t\t\t\t<img loading=\"lazy\" decoding=\"async\" width=\"277\" height=\"182\" src=\"https:\/\/cai-quebec.org\/wp-content\/uploads\/2023\/12\/VQ.png\" class=\"attachment-large size-large wp-image-1244\" alt=\"Logo Ville de Qu\u00e9bec\" \/>\t\t\t\t\t\t\t\t\t\t\t\t\t\t\t<\/div>\n\t\t\t\t<\/div>\n\t\t\t\t<div class=\"elementor-element elementor-element-849befb elementor-widget__width-initial elementor-widget elementor-widget-image\" data-id=\"849befb\" data-element_type=\"widget\" data-e-type=\"widget\" data-widget_type=\"image.default\">\n\t\t\t\t<div class=\"elementor-widget-container\">\n\t\t\t\t\t\t\t\t\t\t\t\t\t\t\t<img loading=\"lazy\" decoding=\"async\" width=\"150\" height=\"150\" src=\"https:\/\/cai-quebec.org\/wp-content\/uploads\/2023\/12\/fondation-pmtroy-150x150-1.png\" class=\"attachment-large size-large wp-image-1246\" alt=\"Logo PMTROY\" \/>\t\t\t\t\t\t\t\t\t\t\t\t\t\t\t<\/div>\n\t\t\t\t<\/div>\n\t\t\t\t<div class=\"elementor-element elementor-element-a178b5e elementor-widget__width-initial elementor-widget elementor-widget-image\" data-id=\"a178b5e\" data-element_type=\"widget\" data-e-type=\"widget\" data-widget_type=\"image.default\">\n\t\t\t\t<div class=\"elementor-widget-container\">\n\t\t\t\t\t\t\t\t\t\t\t\t\t\t\t<img loading=\"lazy\" decoding=\"async\" width=\"596\" height=\"179\" src=\"https:\/\/cai-quebec.org\/wp-content\/uploads\/2023\/12\/815-20100.png\" class=\"attachment-large size-large wp-image-1248\" alt=\"Logo Desjardins\" srcset=\"https:\/\/cai-quebec.org\/wp-content\/uploads\/2023\/12\/815-20100.png 596w, https:\/\/cai-quebec.org\/wp-content\/uploads\/2023\/12\/815-20100-300x90.png 300w\" sizes=\"(max-width: 596px) 100vw, 596px\" \/>\t\t\t\t\t\t\t\t\t\t\t\t\t\t\t<\/div>\n\t\t\t\t<\/div>\n\t\t\t\t<div class=\"elementor-element elementor-element-cff0415 elementor-widget__width-initial elementor-widget elementor-widget-image\" data-id=\"cff0415\" data-element_type=\"widget\" data-e-type=\"widget\" data-widget_type=\"image.default\">\n\t\t\t\t<div class=\"elementor-widget-container\">\n\t\t\t\t\t\t\t\t\t\t\t\t\t\t\t<img loading=\"lazy\" decoding=\"async\" width=\"525\" height=\"300\" src=\"https:\/\/cai-quebec.org\/wp-content\/uploads\/2023\/12\/Visuel_Taschereau-CDorion-COUL.jpg\" class=\"attachment-large size-large wp-image-1232\" alt=\"D\u00e9put\u00e9e de Taschereau\" srcset=\"https:\/\/cai-quebec.org\/wp-content\/uploads\/2023\/12\/Visuel_Taschereau-CDorion-COUL.jpg 525w, https:\/\/cai-quebec.org\/wp-content\/uploads\/2023\/12\/Visuel_Taschereau-CDorion-COUL-300x171.jpg 300w\" sizes=\"(max-width: 525px) 100vw, 525px\" \/>\t\t\t\t\t\t\t\t\t\t\t\t\t\t\t<\/div>\n\t\t\t\t<\/div>\n\t\t\t\t\t<\/div>\n\t\t\t\t<\/div>\n\t\t<div class=\"elementor-element elementor-element-05742bb e-flex e-con-boxed e-con e-parent\" data-id=\"05742bb\" data-element_type=\"container\" data-e-type=\"container\" data-settings=\"{&quot;background_background&quot;:&quot;classic&quot;}\">\n\t\t\t\t\t<div class=\"e-con-inner\">\n\t\t\t\t<div class=\"elementor-element elementor-element-479a9f9 elementor-widget__width-initial elementor-widget-mobile__width-inherit elementor-widget elementor-widget-heading\" data-id=\"479a9f9\" data-element_type=\"widget\" data-e-type=\"widget\" data-widget_type=\"heading.default\">\n\t\t\t\t<div class=\"elementor-widget-container\">\n\t\t\t\t\t<h3 class=\"elementor-heading-title elementor-size-default\">Soeurs de Saint-Joseph de Saint-Vallier<\/h3>\t\t\t\t<\/div>\n\t\t\t\t<\/div>\n\t\t\t\t<div class=\"elementor-element elementor-element-fbd48ae elementor-widget__width-initial elementor-widget-mobile__width-inherit elementor-widget elementor-widget-heading\" data-id=\"fbd48ae\" data-element_type=\"widget\" data-e-type=\"widget\" data-widget_type=\"heading.default\">\n\t\t\t\t<div class=\"elementor-widget-container\">\n\t\t\t\t\t<h3 class=\"elementor-heading-title elementor-size-default\">Enterprise Holdings Foundation<\/h3>\t\t\t\t<\/div>\n\t\t\t\t<\/div>\n\t\t\t\t<div class=\"elementor-element elementor-element-c23c7c7 elementor-widget__width-initial elementor-widget-mobile__width-inherit elementor-widget elementor-widget-heading\" data-id=\"c23c7c7\" data-element_type=\"widget\" data-e-type=\"widget\" data-widget_type=\"heading.default\">\n\t\t\t\t<div class=\"elementor-widget-container\">\n\t\t\t\t\t<h3 class=\"elementor-heading-title elementor-size-default\">Soeurs servantes du Saint-Coeur de Marie<\/h3>\t\t\t\t<\/div>\n\t\t\t\t<\/div>\n\t\t\t\t<div class=\"elementor-element elementor-element-ea3f0cd elementor-widget__width-initial elementor-widget-mobile__width-inherit elementor-widget elementor-widget-heading\" data-id=\"ea3f0cd\" data-element_type=\"widget\" data-e-type=\"widget\" data-widget_type=\"heading.default\">\n\t\t\t\t<div class=\"elementor-widget-container\">\n\t\t\t\t\t<h3 class=\"elementor-heading-title elementor-size-default\">Soeurs de la Charit\u00e9 de Saint-Louis<\/h3>\t\t\t\t<\/div>\n\t\t\t\t<\/div>\n\t\t\t\t<div class=\"elementor-element elementor-element-b4e02e0 elementor-widget__width-initial elementor-widget-mobile__width-inherit elementor-widget elementor-widget-heading\" data-id=\"b4e02e0\" data-element_type=\"widget\" data-e-type=\"widget\" data-widget_type=\"heading.default\">\n\t\t\t\t<div class=\"elementor-widget-container\">\n\t\t\t\t\t<h3 class=\"elementor-heading-title elementor-size-default\">Soeurs de la Charit\u00e9<\/h3>\t\t\t\t<\/div>\n\t\t\t\t<\/div>\n\t\t\t\t<div class=\"elementor-element elementor-element-c358a5d elementor-widget__width-initial elementor-widget-mobile__width-inherit elementor-widget elementor-widget-heading\" data-id=\"c358a5d\" data-element_type=\"widget\" data-e-type=\"widget\" data-widget_type=\"heading.default\">\n\t\t\t\t<div class=\"elementor-widget-container\">\n\t\t\t\t\t<h3 class=\"elementor-heading-title elementor-size-default\">Fonds d'aide des Fr\u00e8res des \u00e9coles chr\u00e9tiennes<\/h3>\t\t\t\t<\/div>\n\t\t\t\t<\/div>\n\t\t\t\t\t<\/div>\n\t\t\t\t<\/div>\n\t\t<div class=\"elementor-element elementor-element-83002ec e-flex e-con-boxed e-con e-parent\" data-id=\"83002ec\" data-element_type=\"container\" data-e-type=\"container\" data-settings=\"{&quot;background_background&quot;:&quot;classic&quot;,&quot;shape_divider_top&quot;:&quot;mountains&quot;}\">\n\t\t\t\t\t<div class=\"e-con-inner\">\n\t\t\t\t<div class=\"elementor-shape elementor-shape-top\" aria-hidden=\"true\" data-negative=\"false\">\n\t\t\t<svg xmlns=\"http:\/\/www.w3.org\/2000\/svg\" viewBox=\"0 0 1000 100\" preserveAspectRatio=\"none\">\n\t<path class=\"elementor-shape-fill\" opacity=\"0.33\" d=\"M473,67.3c-203.9,88.3-263.1-34-320.3,0C66,119.1,0,59.7,0,59.7V0h1000v59.7 c0,0-62.1,26.1-94.9,29.3c-32.8,3.3-62.8-12.3-75.8-22.1C806,49.6,745.3,8.7,694.9,4.7S492.4,59,473,67.3z\"\/>\n\t<path class=\"elementor-shape-fill\" opacity=\"0.66\" d=\"M734,67.3c-45.5,0-77.2-23.2-129.1-39.1c-28.6-8.7-150.3-10.1-254,39.1 s-91.7-34.4-149.2,0C115.7,118.3,0,39.8,0,39.8V0h1000v36.5c0,0-28.2-18.5-92.1-18.5C810.2,18.1,775.7,67.3,734,67.3z\"\/>\n\t<path class=\"elementor-shape-fill\" d=\"M766.1,28.9c-200-57.5-266,65.5-395.1,19.5C242,1.8,242,5.4,184.8,20.6C128,35.8,132.3,44.9,89.9,52.5C28.6,63.7,0,0,0,0 h1000c0,0-9.9,40.9-83.6,48.1S829.6,47,766.1,28.9z\"\/>\n<\/svg>\t\t<\/div>\n\t\t\t\t<div class=\"elementor-element elementor-element-cf0d37d elementor-widget__width-initial elementor-widget-mobile__width-inherit elementor-widget elementor-widget-heading\" data-id=\"cf0d37d\" data-element_type=\"widget\" data-e-type=\"widget\" data-widget_type=\"heading.default\">\n\t\t\t\t<div class=\"elementor-widget-container\">\n\t\t\t\t\t<h4 class=\"elementor-heading-title elementor-size-default\">Soeurs de Saint-Fran\u00e7ois<\/h4>\t\t\t\t<\/div>\n\t\t\t\t<\/div>\n\t\t\t\t<div class=\"elementor-element elementor-element-ecbe005 elementor-widget__width-initial elementor-widget-mobile__width-inherit elementor-widget elementor-widget-heading\" data-id=\"ecbe005\" data-element_type=\"widget\" data-e-type=\"widget\" data-widget_type=\"heading.default\">\n\t\t\t\t<div class=\"elementor-widget-container\">\n\t\t\t\t\t<h4 class=\"elementor-heading-title elementor-size-default\">Fran\u00e7ois Religieux de Saint-vincent de Paul<\/h4>\t\t\t\t<\/div>\n\t\t\t\t<\/div>\n\t\t\t\t<div class=\"elementor-element elementor-element-d64a2f4 elementor-widget elementor-widget-heading\" data-id=\"d64a2f4\" data-element_type=\"widget\" data-e-type=\"widget\" data-widget_type=\"heading.default\">\n\t\t\t\t<div class=\"elementor-widget-container\">\n\t\t\t\t\t<h4 class=\"elementor-heading-title elementor-size-default\">Soeurs moniales Clarisses<\/h4>\t\t\t\t<\/div>\n\t\t\t\t<\/div>\n\t\t\t\t<div class=\"elementor-element elementor-element-34b3cb4 elementor-widget__width-initial elementor-widget-mobile__width-inherit elementor-widget elementor-widget-heading\" data-id=\"34b3cb4\" data-element_type=\"widget\" data-e-type=\"widget\" data-widget_type=\"heading.default\">\n\t\t\t\t<div class=\"elementor-widget-container\">\n\t\t\t\t\t<h4 class=\"elementor-heading-title elementor-size-default\">Ursulines de l'union Canadienne<\/h4>\t\t\t\t<\/div>\n\t\t\t\t<\/div>\n\t\t\t\t<div class=\"elementor-element elementor-element-3b839aa elementor-widget__width-initial elementor-widget-mobile__width-inherit elementor-widget elementor-widget-heading\" data-id=\"3b839aa\" data-element_type=\"widget\" data-e-type=\"widget\" data-widget_type=\"heading.default\">\n\t\t\t\t<div class=\"elementor-widget-container\">\n\t\t\t\t\t<h4 class=\"elementor-heading-title elementor-size-default\">Congr\u00e9gation des Soeurs de Notre-Dame du Perp\u00e9tuel Secours<\/h4>\t\t\t\t<\/div>\n\t\t\t\t<\/div>\n\t\t\t\t<div class=\"elementor-element elementor-element-c9d96f2 elementor-widget__width-initial elementor-widget-mobile__width-inherit elementor-widget elementor-widget-heading\" data-id=\"c9d96f2\" data-element_type=\"widget\" data-e-type=\"widget\" data-widget_type=\"heading.default\">\n\t\t\t\t<div class=\"elementor-widget-container\">\n\t\t\t\t\t<h4 class=\"elementor-heading-title elementor-size-default\">Les Dominicains de la Cit\u00e9 de Qu\u00e9bec<\/h4>\t\t\t\t<\/div>\n\t\t\t\t<\/div>\n\t\t\t\t\t<\/div>\n\t\t\t\t<\/div>\n\t\t\t\t<\/div>\n\t\t","protected":false},"excerpt":{"rendered":"<p>The activities of the Carrefour d\u2019Action Interculturelle (CAI) could not take place without the generous contribution of our financial partners. We would like to warmly thank, first, all our private donors, as well as: Soeurs de Saint-Joseph de Saint-Vallier Enterprise Holdings Foundation Soeurs servantes du Saint-Coeur de Marie Soeurs de la Charit\u00e9 de Saint-Louis Soeurs [&hellip;]<\/p>\n","protected":false},"author":2,"featured_media":0,"parent":0,"menu_order":0,"comment_status":"closed","ping_status":"closed","template":"","meta":{"_acf_changed":false,"footnotes":""},"class_list":["post-1294","page","type-page","status-publish","hentry"],"acf":[],"yoast_head":"<!-- This site is optimized with the Yoast SEO plugin v27.3 - https:\/\/yoast.com\/product\/yoast-seo-wordpress\/ -->\n<title>Partners - Carrefour d&#039;action interculturelle<\/title>\n<meta name=\"robots\" content=\"index, follow, max-snippet:-1, max-image-preview:large, max-video-preview:-1\" \/>\n<link rel=\"canonical\" href=\"https:\/\/cai-quebec.org\/nos-partenaires\/\" \/>\n<meta property=\"og:locale\" content=\"en_US\" \/>\n<meta property=\"og:type\" content=\"article\" \/>\n<meta property=\"og:title\" content=\"Partners - Carrefour d&#039;action interculturelle\" \/>\n<meta property=\"og:description\" content=\"The activities of the Carrefour d\u2019Action Interculturelle (CAI) could not take place without the generous contribution of our financial partners. We would like to warmly thank, first, all our private donors, as well as: Soeurs de Saint-Joseph de Saint-Vallier Enterprise Holdings Foundation Soeurs servantes du Saint-Coeur de Marie Soeurs de la Charit\u00e9 de Saint-Louis Soeurs [&hellip;]\" \/>\n<meta property=\"og:url\" content=\"https:\/\/cai-quebec.org\/nos-partenaires\/\" \/>\n<meta property=\"og:site_name\" content=\"Carrefour d&#039;action interculturelle\" \/>\n<meta property=\"article:modified_time\" content=\"2024-01-29T16:11:51+00:00\" \/>\n<meta property=\"og:image\" content=\"https:\/\/dev24.devconceptionwm.com\/wp-content\/uploads\/2024\/01\/DSC06004-1024x524.jpg\" \/>\n<meta name=\"twitter:card\" content=\"summary_large_image\" \/>\n<meta name=\"twitter:label1\" content=\"Est. reading time\" \/>\n\t<meta name=\"twitter:data1\" content=\"1 minute\" \/>\n<script type=\"application\/ld+json\" class=\"yoast-schema-graph\">{\"@context\":\"https:\\\/\\\/schema.org\",\"@graph\":[{\"@type\":\"WebPage\",\"@id\":\"https:\\\/\\\/cai-quebec.org\\\/nos-partenaires\\\/\",\"url\":\"https:\\\/\\\/cai-quebec.org\\\/nos-partenaires\\\/\",\"name\":\"Partners - Carrefour d&#039;action interculturelle\",\"isPartOf\":{\"@id\":\"https:\\\/\\\/cai-quebec.org\\\/#website\"},\"primaryImageOfPage\":{\"@id\":\"https:\\\/\\\/cai-quebec.org\\\/nos-partenaires\\\/#primaryimage\"},\"image\":{\"@id\":\"https:\\\/\\\/cai-quebec.org\\\/nos-partenaires\\\/#primaryimage\"},\"thumbnailUrl\":\"https:\\\/\\\/dev24.devconceptionwm.com\\\/wp-content\\\/uploads\\\/2024\\\/01\\\/DSC06004-1024x524.jpg\",\"datePublished\":\"2023-11-28T18:43:02+00:00\",\"dateModified\":\"2024-01-29T16:11:51+00:00\",\"breadcrumb\":{\"@id\":\"https:\\\/\\\/cai-quebec.org\\\/nos-partenaires\\\/#breadcrumb\"},\"inLanguage\":\"en-US\",\"potentialAction\":[{\"@type\":\"ReadAction\",\"target\":[\"https:\\\/\\\/cai-quebec.org\\\/nos-partenaires\\\/\"]}]},{\"@type\":\"ImageObject\",\"inLanguage\":\"en-US\",\"@id\":\"https:\\\/\\\/cai-quebec.org\\\/nos-partenaires\\\/#primaryimage\",\"url\":\"https:\\\/\\\/dev24.devconceptionwm.com\\\/wp-content\\\/uploads\\\/2024\\\/01\\\/DSC06004-1024x524.jpg\",\"contentUrl\":\"https:\\\/\\\/dev24.devconceptionwm.com\\\/wp-content\\\/uploads\\\/2024\\\/01\\\/DSC06004-1024x524.jpg\"},{\"@type\":\"BreadcrumbList\",\"@id\":\"https:\\\/\\\/cai-quebec.org\\\/nos-partenaires\\\/#breadcrumb\",\"itemListElement\":[{\"@type\":\"ListItem\",\"position\":1,\"name\":\"Accueil\",\"item\":\"https:\\\/\\\/cai-quebec.org\\\/en\\\/\"},{\"@type\":\"ListItem\",\"position\":2,\"name\":\"Partners\"}]},{\"@type\":\"WebSite\",\"@id\":\"https:\\\/\\\/cai-quebec.org\\\/#website\",\"url\":\"https:\\\/\\\/cai-quebec.org\\\/\",\"name\":\"Carrefour d&#039;action interculturelle\",\"description\":\"\",\"publisher\":{\"@id\":\"https:\\\/\\\/cai-quebec.org\\\/#organization\"},\"potentialAction\":[{\"@type\":\"SearchAction\",\"target\":{\"@type\":\"EntryPoint\",\"urlTemplate\":\"https:\\\/\\\/cai-quebec.org\\\/?s={search_term_string}\"},\"query-input\":{\"@type\":\"PropertyValueSpecification\",\"valueRequired\":true,\"valueName\":\"search_term_string\"}}],\"inLanguage\":\"en-US\"},{\"@type\":\"Organization\",\"@id\":\"https:\\\/\\\/cai-quebec.org\\\/#organization\",\"name\":\"Carrefour d&#039;action interculturelle\",\"url\":\"https:\\\/\\\/cai-quebec.org\\\/\",\"logo\":{\"@type\":\"ImageObject\",\"inLanguage\":\"en-US\",\"@id\":\"https:\\\/\\\/cai-quebec.org\\\/#\\\/schema\\\/logo\\\/image\\\/\",\"url\":\"https:\\\/\\\/cai-quebec.org\\\/wp-content\\\/uploads\\\/2023\\\/11\\\/CAI-logo-blanc.png\",\"contentUrl\":\"https:\\\/\\\/cai-quebec.org\\\/wp-content\\\/uploads\\\/2023\\\/11\\\/CAI-logo-blanc.png\",\"width\":100,\"height\":70,\"caption\":\"Carrefour d&#039;action interculturelle\"},\"image\":{\"@id\":\"https:\\\/\\\/cai-quebec.org\\\/#\\\/schema\\\/logo\\\/image\\\/\"}}]}<\/script>\n<!-- \/ Yoast SEO plugin. -->","yoast_head_json":{"title":"Partners - Carrefour d&#039;action interculturelle","robots":{"index":"index","follow":"follow","max-snippet":"max-snippet:-1","max-image-preview":"max-image-preview:large","max-video-preview":"max-video-preview:-1"},"canonical":"https:\/\/cai-quebec.org\/nos-partenaires\/","og_locale":"en_US","og_type":"article","og_title":"Partners - Carrefour d&#039;action interculturelle","og_description":"The activities of the Carrefour d\u2019Action Interculturelle (CAI) could not take place without the generous contribution of our financial partners. We would like to warmly thank, first, all our private donors, as well as: Soeurs de Saint-Joseph de Saint-Vallier Enterprise Holdings Foundation Soeurs servantes du Saint-Coeur de Marie Soeurs de la Charit\u00e9 de Saint-Louis Soeurs [&hellip;]","og_url":"https:\/\/cai-quebec.org\/nos-partenaires\/","og_site_name":"Carrefour d&#039;action interculturelle","article_modified_time":"2024-01-29T16:11:51+00:00","og_image":[{"url":"https:\/\/dev24.devconceptionwm.com\/wp-content\/uploads\/2024\/01\/DSC06004-1024x524.jpg","type":"","width":"","height":""}],"twitter_card":"summary_large_image","twitter_misc":{"Est. reading time":"1 minute"},"schema":{"@context":"https:\/\/schema.org","@graph":[{"@type":"WebPage","@id":"https:\/\/cai-quebec.org\/nos-partenaires\/","url":"https:\/\/cai-quebec.org\/nos-partenaires\/","name":"Partners - Carrefour d&#039;action interculturelle","isPartOf":{"@id":"https:\/\/cai-quebec.org\/#website"},"primaryImageOfPage":{"@id":"https:\/\/cai-quebec.org\/nos-partenaires\/#primaryimage"},"image":{"@id":"https:\/\/cai-quebec.org\/nos-partenaires\/#primaryimage"},"thumbnailUrl":"https:\/\/dev24.devconceptionwm.com\/wp-content\/uploads\/2024\/01\/DSC06004-1024x524.jpg","datePublished":"2023-11-28T18:43:02+00:00","dateModified":"2024-01-29T16:11:51+00:00","breadcrumb":{"@id":"https:\/\/cai-quebec.org\/nos-partenaires\/#breadcrumb"},"inLanguage":"en-US","potentialAction":[{"@type":"ReadAction","target":["https:\/\/cai-quebec.org\/nos-partenaires\/"]}]},{"@type":"ImageObject","inLanguage":"en-US","@id":"https:\/\/cai-quebec.org\/nos-partenaires\/#primaryimage","url":"https:\/\/dev24.devconceptionwm.com\/wp-content\/uploads\/2024\/01\/DSC06004-1024x524.jpg","contentUrl":"https:\/\/dev24.devconceptionwm.com\/wp-content\/uploads\/2024\/01\/DSC06004-1024x524.jpg"},{"@type":"BreadcrumbList","@id":"https:\/\/cai-quebec.org\/nos-partenaires\/#breadcrumb","itemListElement":[{"@type":"ListItem","position":1,"name":"Accueil","item":"https:\/\/cai-quebec.org\/en\/"},{"@type":"ListItem","position":2,"name":"Partners"}]},{"@type":"WebSite","@id":"https:\/\/cai-quebec.org\/#website","url":"https:\/\/cai-quebec.org\/","name":"Carrefour d&#039;action interculturelle","description":"","publisher":{"@id":"https:\/\/cai-quebec.org\/#organization"},"potentialAction":[{"@type":"SearchAction","target":{"@type":"EntryPoint","urlTemplate":"https:\/\/cai-quebec.org\/?s={search_term_string}"},"query-input":{"@type":"PropertyValueSpecification","valueRequired":true,"valueName":"search_term_string"}}],"inLanguage":"en-US"},{"@type":"Organization","@id":"https:\/\/cai-quebec.org\/#organization","name":"Carrefour d&#039;action interculturelle","url":"https:\/\/cai-quebec.org\/","logo":{"@type":"ImageObject","inLanguage":"en-US","@id":"https:\/\/cai-quebec.org\/#\/schema\/logo\/image\/","url":"https:\/\/cai-quebec.org\/wp-content\/uploads\/2023\/11\/CAI-logo-blanc.png","contentUrl":"https:\/\/cai-quebec.org\/wp-content\/uploads\/2023\/11\/CAI-logo-blanc.png","width":100,"height":70,"caption":"Carrefour d&#039;action interculturelle"},"image":{"@id":"https:\/\/cai-quebec.org\/#\/schema\/logo\/image\/"}}]}},"_links":{"self":[{"href":"https:\/\/cai-quebec.org\/en\/wp-json\/wp\/v2\/pages\/1294","targetHints":{"allow":["GET"]}}],"collection":[{"href":"https:\/\/cai-quebec.org\/en\/wp-json\/wp\/v2\/pages"}],"about":[{"href":"https:\/\/cai-quebec.org\/en\/wp-json\/wp\/v2\/types\/page"}],"author":[{"embeddable":true,"href":"https:\/\/cai-quebec.org\/en\/wp-json\/wp\/v2\/users\/2"}],"replies":[{"embeddable":true,"href":"https:\/\/cai-quebec.org\/en\/wp-json\/wp\/v2\/comments?post=1294"}],"version-history":[{"count":7,"href":"https:\/\/cai-quebec.org\/en\/wp-json\/wp\/v2\/pages\/1294\/revisions"}],"predecessor-version":[{"id":1658,"href":"https:\/\/cai-quebec.org\/en\/wp-json\/wp\/v2\/pages\/1294\/revisions\/1658"}],"wp:attachment":[{"href":"https:\/\/cai-quebec.org\/en\/wp-json\/wp\/v2\/media?parent=1294"}],"curies":[{"name":"wp","href":"https:\/\/api.w.org\/{rel}","templated":true}]}}